{"id":98,"date":"2019-07-09T14:29:28","date_gmt":"2019-07-09T12:29:28","guid":{"rendered":"https:\/\/satesana.es\/fr\/?page_id=98"},"modified":"2023-04-12T06:20:45","modified_gmt":"2023-04-12T04:20:45","slug":"contact","status":"publish","type":"page","link":"https:\/\/satesana.es\/fr\/contact\/","title":{"rendered":"Contact"},"content":{"rendered":"\t\t<div data-elementor-type=\"wp-post\" data-elementor-id=\"98\" class=\"elementor elementor-98\">\n\t\t\t\t\t\t<section class=\"elementor-section elementor-top-section elementor-element elementor-element-bbdb34d nopaddingtop elementor-section-boxed elementor-section-height-default elementor-section-height-default\" data-id=\"bbdb34d\" data-element_type=\"section\">\n\t\t\t\t\t\t<div class=\"elementor-container elementor-column-gap-default\">\n\t\t\t\t\t<div class=\"elementor-column elementor-col-66 elementor-top-column elementor-element elementor-element-20bbfc5\" data-id=\"20bbfc5\" data-element_type=\"column\">\n\t\t\t<div class=\"elementor-widget-wrap elementor-element-populated\">\n\t\t\t\t\t\t<div class=\"elementor-element elementor-element-578c51a elementor-widget elementor-widget-heading\" data-id=\"578c51a\" data-element_type=\"widget\" data-widget_type=\"heading.default\">\n\t\t\t\t<div class=\"elementor-widget-container\">\n\t\t\t\t\t<h1 class=\"elementor-heading-title elementor-size-default\">Nous attendons avec impatience votre r\u00e9ponse !<\/h1>\t\t\t\t<\/div>\n\t\t\t\t<\/div>\n\t\t\t\t<div class=\"elementor-element elementor-element-758fa9c elementor-widget elementor-widget-text-editor\" data-id=\"758fa9c\" data-element_type=\"widget\" data-widget_type=\"text-editor.default\">\n\t\t\t\t<div class=\"elementor-widget-container\">\n\t\t\t\t\t\t\t\t\t<p>Si vous avez besoin d&rsquo;informations ou si nous pouvons vous aider, n&rsquo;h\u00e9sitez pas \u00e0 nous contacter. Nous serons ravis de vous aider.<\/p>\t\t\t\t\t\t\t\t<\/div>\n\t\t\t\t<\/div>\n\t\t\t\t<div class=\"elementor-element elementor-element-1e4beec elementor-icon-list--layout-traditional elementor-list-item-link-full_width elementor-widget elementor-widget-icon-list\" data-id=\"1e4beec\" data-element_type=\"widget\" data-widget_type=\"icon-list.default\">\n\t\t\t\t<div class=\"elementor-widget-container\">\n\t\t\t\t\t\t\t<ul class=\"elementor-icon-list-items\">\n\t\t\t\t\t\t\t<li class=\"elementor-icon-list-item\">\n\t\t\t\t\t\t\t\t\t\t\t<span class=\"elementor-icon-list-icon\">\n\t\t\t\t\t\t\t<i aria-hidden=\"true\" class=\"fas fa-map-marker-alt\"><\/i>\t\t\t\t\t\t<\/span>\n\t\t\t\t\t\t\t\t\t\t<span class=\"elementor-icon-list-text\">Cmno Pantano s\/n, Sancho Abarca, Tauste, Espa\u00f1a<\/span>\n\t\t\t\t\t\t\t\t\t<\/li>\n\t\t\t\t\t\t\t\t<li class=\"elementor-icon-list-item\">\n\t\t\t\t\t\t\t\t\t\t\t<a href=\"tel:+34976%20855%20621\">\n\n\t\t\t\t\t\t\t\t\t\t\t\t<span class=\"elementor-icon-list-icon\">\n\t\t\t\t\t\t\t<i aria-hidden=\"true\" class=\"fas fa-phone-volume\"><\/i>\t\t\t\t\t\t<\/span>\n\t\t\t\t\t\t\t\t\t\t<span class=\"elementor-icon-list-text\">976 855 621<\/span>\n\t\t\t\t\t\t\t\t\t\t\t<\/a>\n\t\t\t\t\t\t\t\t\t<\/li>\n\t\t\t\t\t\t\t\t<li class=\"elementor-icon-list-item\">\n\t\t\t\t\t\t\t\t\t\t\t<a href=\"mailto:administracion@satesana.es\">\n\n\t\t\t\t\t\t\t\t\t\t\t\t<span class=\"elementor-icon-list-icon\">\n\t\t\t\t\t\t\t<i aria-hidden=\"true\" class=\"far fa-envelope\"><\/i>\t\t\t\t\t\t<\/span>\n\t\t\t\t\t\t\t\t\t\t<span class=\"elementor-icon-list-text\">administracion@satesana.es<\/span>\n\t\t\t\t\t\t\t\t\t\t\t<\/a>\n\t\t\t\t\t\t\t\t\t<\/li>\n\t\t\t\t\t\t<\/ul>\n\t\t\t\t\t\t<\/div>\n\t\t\t\t<\/div>\n\t\t\t\t<div class=\"elementor-element elementor-element-6c69329 elementor-widget elementor-widget-google_maps\" data-id=\"6c69329\" data-element_type=\"widget\" data-widget_type=\"google_maps.default\">\n\t\t\t\t<div class=\"elementor-widget-container\">\n\t\t\t\t\t\t\t<div class=\"elementor-custom-embed\">\n\t\t\t<iframe loading=\"lazy\"\n\t\t\t\t\tsrc=\"https:\/\/maps.google.com\/maps?q=PARAJE%20EL%20PANTANO%2C%2050669%20Sancho%20Abarca%2C%20Zaragoza&#038;t=m&#038;z=15&#038;output=embed&#038;iwloc=near\"\n\t\t\t\t\ttitle=\"PARAJE EL PANTANO, 50669 Sancho Abarca, Zaragoza\"\n\t\t\t\t\taria-label=\"PARAJE EL PANTANO, 50669 Sancho Abarca, Zaragoza\"\n\t\t\t><\/iframe>\n\t\t<\/div>\n\t\t\t\t\t\t<\/div>\n\t\t\t\t<\/div>\n\t\t\t\t\t<\/div>\n\t\t<\/div>\n\t\t\t\t<div class=\"elementor-column elementor-col-33 elementor-top-column elementor-element elementor-element-bdf0998\" data-id=\"bdf0998\" data-element_type=\"column\" id=\"form\">\n\t\t\t<div class=\"elementor-widget-wrap elementor-element-populated\">\n\t\t\t\t\t\t<div class=\"elementor-element elementor-element-f917de4 elementor-widget elementor-widget-heading\" data-id=\"f917de4\" data-element_type=\"widget\" data-widget_type=\"heading.default\">\n\t\t\t\t<div class=\"elementor-widget-container\">\n\t\t\t\t\t<h2 class=\"elementor-heading-title elementor-size-default\">Nous contacter<\/h2>\t\t\t\t<\/div>\n\t\t\t\t<\/div>\n\t\t\t\t<div class=\"elementor-element elementor-element-f7ebf6c eael-contact-form-7-button-align-left eael-contact-form-7-button-custom elementor-widget elementor-widget-eael-contact-form-7\" data-id=\"f7ebf6c\" data-element_type=\"widget\" data-widget_type=\"eael-contact-form-7.default\">\n\t\t\t\t<div class=\"elementor-widget-container\">\n\t\t\t\t\t<div class=\"eael-contact-form-7-wrapper\">\n                <div class=\"eael-contact-form eael-contact-form-7 eael-contact-form-f7ebf6c placeholder-show eael-contact-form-align-default\">\n<div class=\"wpcf7 no-js\" id=\"wpcf7-f36-o1\" lang=\"es-ES\" dir=\"ltr\" data-wpcf7-id=\"36\">\n<div class=\"screen-reader-response\"><p role=\"status\" aria-live=\"polite\" aria-atomic=\"true\"><\/p> <ul><\/ul><\/div>\n<form action=\"\/fr\/wp-json\/wp\/v2\/pages\/98#wpcf7-f36-o1\" method=\"post\" class=\"wpcf7-form init\" aria-label=\"Formulario de contacto\" novalidate=\"novalidate\" data-status=\"init\">\n<fieldset class=\"hidden-fields-container\"><input type=\"hidden\" name=\"_wpcf7\" value=\"36\" \/><input type=\"hidden\" name=\"_wpcf7_version\" value=\"6.1.4\" \/><input type=\"hidden\" name=\"_wpcf7_locale\" value=\"es_ES\" \/><input type=\"hidden\" name=\"_wpcf7_unit_tag\" value=\"wpcf7-f36-o1\" \/><input type=\"hidden\" name=\"_wpcf7_container_post\" value=\"0\" \/><input type=\"hidden\" name=\"_wpcf7_posted_data_hash\" value=\"\" \/><input type=\"hidden\" name=\"_wpcf7_recaptcha_response\" value=\"\" \/>\n<\/fieldset>\n<div class=\"mainform\">\n\t<div class=\"vc_row wpb_row vc_row-fluid form-body\">\n\t\t<div class=\"wpb_column vc_column_container\">\n\t\t\t<div class=\"vc_column-inner\">\n\t\t\t\t<div class=\"box form-nombre\">\n\t\t\t\t\t<p><label for=\"your-name\"><span class=\"form-label\">Nom<small class=\"red\">*<\/small>:<\/span><\/label><span class=\"wpcf7-form-control-wrap\" data-name=\"your-name\"><input size=\"40\" maxlength=\"400\" class=\"wpcf7-form-control wpcf7-text wpcf7-validates-as-required\" id=\"your-name\" aria-required=\"true\" aria-invalid=\"false\" placeholder=\"Dites-nous votre nom\" value=\"\" type=\"text\" name=\"your-name\" \/><\/span>\n\t\t\t\t\t<\/p>\n\t\t\t\t<\/div>\n\t\t\t\t<div class=\"box form-email\">\n\t\t\t\t\t<p><label for=\"your-email\"><span class=\"form-label\">E-mail<small class=\"red\">*<\/small>:<\/span><\/label><span class=\"wpcf7-form-control-wrap\" data-name=\"your-email\"><input size=\"40\" maxlength=\"400\" class=\"wpcf7-form-control wpcf7-email wpcf7-validates-as-required wpcf7-text wpcf7-validates-as-email\" id=\"your-email\" aria-required=\"true\" aria-invalid=\"false\" placeholder=\"Dites-nous votre e-mail\" value=\"\" type=\"email\" name=\"your-email\" \/><\/span>\n\t\t\t\t\t<\/p>\n\t\t\t\t<\/div>\n\t\t\t\t<div class=\"box form-mensaje\">\n\t\t\t\t\t<p><label for=\"message\"><span class=\"form-label\">Message <small class=\"red\">*<\/small>:<\/span><\/label><span class=\"wpcf7-form-control-wrap\" data-name=\"message\"><textarea cols=\"40\" rows=\"10\" maxlength=\"2000\" class=\"wpcf7-form-control wpcf7-textarea wpcf7-validates-as-required\" id=\"message\" aria-required=\"true\" aria-invalid=\"false\" placeholder=\"Que voudriez-vous nous demander ?\" name=\"message\"><\/textarea><\/span>\n\t\t\t\t\t<\/p>\n\t\t\t\t<\/div>\n\t\t\t<\/div>\n\t\t<\/div>\n\t<\/div>\n\t<div class=\"vc_row wpb_row vc_row-fluid form-footer\">\n\t\t<div class=\"wpb_column vc_column_container\">\n\t\t\t<div class=\"vc_column-inner\">\n\t\t\t\t<div class=\"form-check\">\n\t\t\t\t\t<p><small><span class=\"wpcf7-form-control-wrap\" data-name=\"acceptance-23\"><span class=\"wpcf7-form-control wpcf7-acceptance\"><span class=\"wpcf7-list-item\"><input type=\"checkbox\" name=\"acceptance-23\" value=\"1\" id=\"politica\" aria-invalid=\"false\" \/><\/span><\/span><\/span> <label for=\"politica\">J'ai lu et j'accepte que, conform\u00e9ment aux dispositions du r\u00e8glement sur la protection des donn\u00e9es personnelles 2016\/679 et de la loi organique 3\/2018 du 5 d\u00e9cembre sur la protection des donn\u00e9es personnelles et la garantie des droits num\u00e9riques, j'ai \u00e9t\u00e9 inform\u00e9 que le les donn\u00e9es obtenues volontairement par le biais de ce formulaire de contact sont de la responsabilit\u00e9 de <strong>N\u00ba 9732 ESANA, S.A.T.<\/strong> et que vous les utiliserez \u00e0 des fins de gestion de vos contacts et e-mails et pour r\u00e9soudre les requ\u00eates. Aucune donn\u00e9e ne sera c\u00e9d\u00e9e \u00e0 des tiers sauf obligation l\u00e9gale. Vous pouvez obtenir plus d'informations via ce lien <a href=\"\/fr\/avis-juridique\/\" target=\"_blank\">Avis juridique<\/a><\/label><\/small>\n\t\t\t\t\t<\/p>\n\t\t\t\t\t<p><input type=\"checkbox\" name=\"checkbox-459\" id=\"consiento\" \/><label for=\"consiento\"><small>J'autorise l'envoi de promotions, offres et autres communications commerciales sur les produits et services propos\u00e9s par <strong>N\u00ba 9732 ESANA, S.A.T.<\/strong> Pour plus d'informations, vous pouvez contacter notre <a href=\"\/fr\/avis-juridique\/\" target=\"_blank\">Avis juridique<\/a>.<\/small><\/label>\n\t\t\t\t\t<\/p>\n\t\t\t\t\t<p><input type=\"hidden\" name=\"url_page\" value=\"https:\/\/satesana.es\/fr\/wp-json\/wp\/v2\/pages\/98\" \/>\n\t\t\t\t\t<\/p>\n\t\t\t\t\t<div class=\"send\">\n\t\t\t\t\t\t<p><input class=\"wpcf7-form-control wpcf7-submit has-spinner\" id=\"contactar\" type=\"submit\" value=\"Envoyer\" \/>\n\t\t\t\t\t\t<\/p>\n\t\t\t\t\t<\/div>\n\t\t\t\t\t<div class=\"legal\">\n\t\t\t\t\t\t<p><small class=\"intro-lgpd\"><b>Responsable:<\/b> N\u00ba 9732 ESANA, S.A.T.<\/small><small><b>Objectif:<\/b> Gestion des contacts et des courriers \u00e9lectroniques, r\u00e9solution des questions et communications par voie t\u00e9l\u00e9matique et envoi d'informations aux personnes int\u00e9ress\u00e9es par nos services. Si nous voulons traiter les donn\u00e9es \u00e0 d'autres fins, nous vous demanderons d'abord votre autorisation et vous pourrez la retirer \u00e0 tout moment.<\/small><small><b>L\u00e9gitimation:<\/b> Consentement de la personne concern\u00e9e ou ex\u00e9cution d'un contrat.<\/small><small><b>Destinataires:<\/b> Aucune donn\u00e9e ne sera transf\u00e9r\u00e9e \u00e0 des tiers, sauf en cas d'obligation l\u00e9gale ou de consentement pr\u00e9alable.<\/small><small><b>Conservation:<\/b> Pendant les p\u00e9riodes l\u00e9galement requises<\/small><small><b>Transferts:<\/b> Il n'y aura pas de transfert \u00e0 des tiers, sauf en cas d'obligation l\u00e9gale.<\/small><small><b>Droits:<\/b> D'acc\u00e9der, de rectifier et de supprimer les donn\u00e9es ainsi que d'exercer les autres droits accord\u00e9s par les r\u00e8gles de protection des donn\u00e9es personnelles en pr\u00e9sentant une copie d'un document d'identification \u00e0 l'adresse suivante N\u00ba 9732 ESANA, S.A.T., Cmno Pantano,s\/n , 50669 Sancho Abarca (Tauste, Zaragoza) ou \u00e0 cette adresse \u00e9lectronique.<\/small><small><b>Plus d'informations:<\/b> Politique de confidentialit\u00e9 de http:\/\/satesana.es\/fr\/. Plus d'informations sur vos droits ou d\u00e9poser une plainte aupr\u00e8s de l'Agence espagnole de protection des donn\u00e9es - http:\/\/www.agpd.es - C\/ Jorge Juan, 6. 28001 \u2013 Madrid (901 100 099 - 912 663 517).<\/small>\n\t\t\t\t\t\t<\/p>\n\t\t\t\t\t<\/div>\n\t\t\t\t<\/div>\n\t\t\t<\/div>\n\t\t<\/div>\n\t<\/div>\n<\/div><div class=\"wpcf7-response-output\" aria-hidden=\"true\"><\/div>\n<\/form>\n<\/div>\n<\/div>\n            <\/div>\t\t\t\t<\/div>\n\t\t\t\t<\/div>\n\t\t\t\t\t<\/div>\n\t\t<\/div>\n\t\t\t\t\t<\/div>\n\t\t<\/section>\n\t\t\t\t<\/div>\n\t\t","protected":false},"excerpt":{"rendered":"<p>Nous attendons avec impatience votre r\u00e9ponse ! Si vous avez besoin d&rsquo;informations ou si nous pouvons vous aider, n&rsquo;h\u00e9sitez pas [&hellip;]<\/p>\n","protected":false},"author":9,"featured_media":0,"parent":0,"menu_order":0,"comment_status":"closed","ping_status":"closed","template":"","meta":{"_genesis_hide_title":false,"_genesis_hide_breadcrumbs":false,"_genesis_hide_singular_image":false,"_genesis_hide_footer_widgets":false,"_genesis_custom_body_class":"","_genesis_custom_post_class":"","_genesis_layout":"","footnotes":""},"class_list":{"0":"post-98","1":"page","2":"type-page","3":"status-publish","5":"entry","6":"one-half"},"yoast_head":"<!-- This site is optimized with the Yoast SEO plugin v26.8 - https:\/\/yoast.com\/product\/yoast-seo-wordpress\/ -->\n<title>Discutons-en, remplissez le formulaire et nous vous r\u00e9pondrons dans les plus brefs d\u00e9lais. - SAT ESANA FR<\/title>\n<meta name=\"description\" content=\"Contactez-nous, remplissez le formulaire et nous vous r\u00e9pondrons dans les plus brefs d\u00e9lais.\" \/>\n<meta name=\"robots\" content=\"index, follow, max-snippet:-1, max-image-preview:large, max-video-preview:-1\" \/>\n<link rel=\"canonical\" href=\"https:\/\/satesana.es\/fr\/contact\/\" \/>\n<meta property=\"og:locale\" content=\"fr_FR\" \/>\n<meta property=\"og:type\" content=\"article\" \/>\n<meta property=\"og:title\" content=\"Discutons-en, remplissez le formulaire et nous vous r\u00e9pondrons dans les plus brefs d\u00e9lais. - SAT ESANA FR\" \/>\n<meta property=\"og:description\" content=\"Contactez-nous, remplissez le formulaire et nous vous r\u00e9pondrons dans les plus brefs d\u00e9lais.\" \/>\n<meta property=\"og:url\" content=\"https:\/\/satesana.es\/fr\/contact\/\" \/>\n<meta property=\"og:site_name\" content=\"SAT ESANA FR\" \/>\n<meta property=\"article:modified_time\" content=\"2023-04-12T04:20:45+00:00\" \/>\n<meta name=\"twitter:card\" content=\"summary_large_image\" \/>\n<meta name=\"twitter:label1\" content=\"Dur\u00e9e de lecture estim\u00e9e\" \/>\n\t<meta name=\"twitter:data1\" content=\"2 minutes\" \/>\n<script type=\"application\/ld+json\" class=\"yoast-schema-graph\">{\"@context\":\"https:\/\/schema.org\",\"@graph\":[{\"@type\":\"WebPage\",\"@id\":\"https:\/\/satesana.es\/fr\/contact\/\",\"url\":\"https:\/\/satesana.es\/fr\/contact\/\",\"name\":\"Discutons-en, remplissez le formulaire et nous vous r\u00e9pondrons dans les plus brefs d\u00e9lais. - SAT ESANA FR\",\"isPartOf\":{\"@id\":\"https:\/\/satesana.es\/fr\/#website\"},\"datePublished\":\"2019-07-09T12:29:28+00:00\",\"dateModified\":\"2023-04-12T04:20:45+00:00\",\"description\":\"Contactez-nous, remplissez le formulaire et nous vous r\u00e9pondrons dans les plus brefs d\u00e9lais.\",\"breadcrumb\":{\"@id\":\"https:\/\/satesana.es\/fr\/contact\/#breadcrumb\"},\"inLanguage\":\"fr-FR\",\"potentialAction\":[{\"@type\":\"ReadAction\",\"target\":[\"https:\/\/satesana.es\/fr\/contact\/\"]}]},{\"@type\":\"BreadcrumbList\",\"@id\":\"https:\/\/satesana.es\/fr\/contact\/#breadcrumb\",\"itemListElement\":[{\"@type\":\"ListItem\",\"position\":1,\"name\":\"Portada\",\"item\":\"https:\/\/satesana.es\/fr\/\"},{\"@type\":\"ListItem\",\"position\":2,\"name\":\"Contact\"}]},{\"@type\":\"WebSite\",\"@id\":\"https:\/\/satesana.es\/fr\/#website\",\"url\":\"https:\/\/satesana.es\/fr\/\",\"name\":\"SAT ESANA FR\",\"description\":\"SAT ESANA\",\"publisher\":{\"@id\":\"https:\/\/satesana.es\/fr\/#organization\"},\"alternateName\":\"SAT ESANA\",\"potentialAction\":[{\"@type\":\"SearchAction\",\"target\":{\"@type\":\"EntryPoint\",\"urlTemplate\":\"https:\/\/satesana.es\/fr\/?s={search_term_string}\"},\"query-input\":{\"@type\":\"PropertyValueSpecification\",\"valueRequired\":true,\"valueName\":\"search_term_string\"}}],\"inLanguage\":\"fr-FR\"},{\"@type\":\"Organization\",\"@id\":\"https:\/\/satesana.es\/fr\/#organization\",\"name\":\"SAT Esana\",\"alternateName\":\"SAT Esana\",\"url\":\"https:\/\/satesana.es\/fr\/\",\"logo\":{\"@type\":\"ImageObject\",\"inLanguage\":\"fr-FR\",\"@id\":\"https:\/\/satesana.es\/fr\/#\/schema\/logo\/image\/\",\"url\":\"https:\/\/satesana.es\/fr\/wp-content\/uploads\/sites\/3\/2023\/01\/logo.png\",\"contentUrl\":\"https:\/\/satesana.es\/fr\/wp-content\/uploads\/sites\/3\/2023\/01\/logo.png\",\"width\":211,\"height\":67,\"caption\":\"SAT Esana\"},\"image\":{\"@id\":\"https:\/\/satesana.es\/fr\/#\/schema\/logo\/image\/\"}}]}<\/script>\n<!-- \/ Yoast SEO plugin. -->","yoast_head_json":{"title":"Discutons-en, remplissez le formulaire et nous vous r\u00e9pondrons dans les plus brefs d\u00e9lais. - SAT ESANA FR","description":"Contactez-nous, remplissez le formulaire et nous vous r\u00e9pondrons dans les plus brefs d\u00e9lais.","robots":{"index":"index","follow":"follow","max-snippet":"max-snippet:-1","max-image-preview":"max-image-preview:large","max-video-preview":"max-video-preview:-1"},"canonical":"https:\/\/satesana.es\/fr\/contact\/","og_locale":"fr_FR","og_type":"article","og_title":"Discutons-en, remplissez le formulaire et nous vous r\u00e9pondrons dans les plus brefs d\u00e9lais. - SAT ESANA FR","og_description":"Contactez-nous, remplissez le formulaire et nous vous r\u00e9pondrons dans les plus brefs d\u00e9lais.","og_url":"https:\/\/satesana.es\/fr\/contact\/","og_site_name":"SAT ESANA FR","article_modified_time":"2023-04-12T04:20:45+00:00","twitter_card":"summary_large_image","twitter_misc":{"Dur\u00e9e de lecture estim\u00e9e":"2 minutes"},"schema":{"@context":"https:\/\/schema.org","@graph":[{"@type":"WebPage","@id":"https:\/\/satesana.es\/fr\/contact\/","url":"https:\/\/satesana.es\/fr\/contact\/","name":"Discutons-en, remplissez le formulaire et nous vous r\u00e9pondrons dans les plus brefs d\u00e9lais. - SAT ESANA FR","isPartOf":{"@id":"https:\/\/satesana.es\/fr\/#website"},"datePublished":"2019-07-09T12:29:28+00:00","dateModified":"2023-04-12T04:20:45+00:00","description":"Contactez-nous, remplissez le formulaire et nous vous r\u00e9pondrons dans les plus brefs d\u00e9lais.","breadcrumb":{"@id":"https:\/\/satesana.es\/fr\/contact\/#breadcrumb"},"inLanguage":"fr-FR","potentialAction":[{"@type":"ReadAction","target":["https:\/\/satesana.es\/fr\/contact\/"]}]},{"@type":"BreadcrumbList","@id":"https:\/\/satesana.es\/fr\/contact\/#breadcrumb","itemListElement":[{"@type":"ListItem","position":1,"name":"Portada","item":"https:\/\/satesana.es\/fr\/"},{"@type":"ListItem","position":2,"name":"Contact"}]},{"@type":"WebSite","@id":"https:\/\/satesana.es\/fr\/#website","url":"https:\/\/satesana.es\/fr\/","name":"SAT ESANA FR","description":"SAT ESANA","publisher":{"@id":"https:\/\/satesana.es\/fr\/#organization"},"alternateName":"SAT ESANA","potentialAction":[{"@type":"SearchAction","target":{"@type":"EntryPoint","urlTemplate":"https:\/\/satesana.es\/fr\/?s={search_term_string}"},"query-input":{"@type":"PropertyValueSpecification","valueRequired":true,"valueName":"search_term_string"}}],"inLanguage":"fr-FR"},{"@type":"Organization","@id":"https:\/\/satesana.es\/fr\/#organization","name":"SAT Esana","alternateName":"SAT Esana","url":"https:\/\/satesana.es\/fr\/","logo":{"@type":"ImageObject","inLanguage":"fr-FR","@id":"https:\/\/satesana.es\/fr\/#\/schema\/logo\/image\/","url":"https:\/\/satesana.es\/fr\/wp-content\/uploads\/sites\/3\/2023\/01\/logo.png","contentUrl":"https:\/\/satesana.es\/fr\/wp-content\/uploads\/sites\/3\/2023\/01\/logo.png","width":211,"height":67,"caption":"SAT Esana"},"image":{"@id":"https:\/\/satesana.es\/fr\/#\/schema\/logo\/image\/"}}]}},"_links":{"self":[{"href":"https:\/\/satesana.es\/fr\/wp-json\/wp\/v2\/pages\/98","targetHints":{"allow":["GET"]}}],"collection":[{"href":"https:\/\/satesana.es\/fr\/wp-json\/wp\/v2\/pages"}],"about":[{"href":"https:\/\/satesana.es\/fr\/wp-json\/wp\/v2\/types\/page"}],"author":[{"embeddable":true,"href":"https:\/\/satesana.es\/fr\/wp-json\/wp\/v2\/users\/9"}],"replies":[{"embeddable":true,"href":"https:\/\/satesana.es\/fr\/wp-json\/wp\/v2\/comments?post=98"}],"version-history":[{"count":67,"href":"https:\/\/satesana.es\/fr\/wp-json\/wp\/v2\/pages\/98\/revisions"}],"predecessor-version":[{"id":6807,"href":"https:\/\/satesana.es\/fr\/wp-json\/wp\/v2\/pages\/98\/revisions\/6807"}],"wp:attachment":[{"href":"https:\/\/satesana.es\/fr\/wp-json\/wp\/v2\/media?parent=98"}],"curies":[{"name":"wp","href":"https:\/\/api.w.org\/{rel}","templated":true}]}}