{"id":7,"date":"2018-09-03T10:11:17","date_gmt":"2018-09-03T08:11:17","guid":{"rendered":"https:\/\/satesana.es\/fr\/?page_id=7"},"modified":"2025-03-18T15:10:04","modified_gmt":"2025-03-18T14:10:04","slug":"politique-de-cookies","status":"publish","type":"page","link":"https:\/\/satesana.es\/fr\/politique-de-cookies\/","title":{"rendered":"Politique de cookies"},"content":{"rendered":"\t\t<div data-elementor-type=\"wp-page\" data-elementor-id=\"7\" class=\"elementor elementor-7\">\n\t\t\t\t\t\t<section class=\"elementor-section elementor-top-section elementor-element elementor-element-bfbded7 elementor-section-boxed elementor-section-height-default elementor-section-height-default\" data-id=\"bfbded7\" data-element_type=\"section\">\n\t\t\t\t\t\t<div class=\"elementor-container elementor-column-gap-default\">\n\t\t\t\t\t<div class=\"elementor-column elementor-col-100 elementor-top-column elementor-element elementor-element-a7b88ac\" data-id=\"a7b88ac\" data-element_type=\"column\">\n\t\t\t<div class=\"elementor-widget-wrap elementor-element-populated\">\n\t\t\t\t\t\t<div class=\"elementor-element elementor-element-3480b65 elementor-widget elementor-widget-text-editor\" data-id=\"3480b65\" data-element_type=\"widget\" data-widget_type=\"text-editor.default\">\n\t\t\t\t<div class=\"elementor-widget-container\">\n\t\t\t\t\t\t\t\t\t<h2>Qu&rsquo;est-ce qu&rsquo;un cookie ?<\/h2>\n<p>Un <em> cookie <\/em> est un fichier texte <strong> inoffensif <\/strong> qui est stock\u00e9 dans votre navigateur lorsque vous visitez presque n&rsquo;importe quelle page Web. L&rsquo;utilit\u00e9 du <em> cookie <\/em> est que le Web est capable de se souvenir de votre visite lorsque vous revenez sur cette page. Bien que beaucoup de gens ne le sachent pas, les <em> cookies <\/em> sont utilis\u00e9s depuis 20 ans, lorsque les premiers navigateurs pour le World Wide Web sont apparus.<\/p>\n<h2>Qu&rsquo;est-ce qui n&rsquo;est PAS un cookie ?<\/h2>\n<p>Ce n&rsquo;est pas un virus, pas un cheval de Troie, pas un ver, pas un spam, pas un logiciel espion, et il n&rsquo;ouvre pas non plus de fen\u00eatres pop-up.<\/p>\n<h2>Quelles informations un <em> cookie <\/em> stocke-t-il ?<\/h2>\n<p>Les <em> cookies <\/em> ne stockent g\u00e9n\u00e9ralement pas d&rsquo;informations sensibles vous concernant, telles que des cartes de cr\u00e9dit ou des coordonn\u00e9es bancaires, des photographies, votre pi\u00e8ce d&rsquo;identit\u00e9 ou des informations personnelles, etc. Les donn\u00e9es qu&rsquo;ils conservent sont de nature technique, pr\u00e9f\u00e9rences personnelles, personnalisation des contenus, etc.<\/p>\n<p>Le serveur Web ne vous associe pas en tant que personne mais \u00e0 votre navigateur Web. En fait, si vous naviguez r\u00e9guli\u00e8rement avec Internet Explorer et essayez de naviguer sur le m\u00eame Web avec Firefox ou Chrome, vous verrez que le Web ne r\u00e9alise pas que vous \u00eates la m\u00eame personne car il associe en fait le navigateur, pas la personne.<\/p>\n<h2>Quels types de <em> cookies <\/em> existe-t-il ?<\/h2>\n<ul>\n<li><strong> <em> Cookies n\u00e9cessaires <\/em> <\/strong>&nbsp;: les cookies n\u00e9cessaires aident \u00e0 rendre une page Web utilisable en activant des fonctions de base telles que la navigation dans les pages et l&rsquo;acc\u00e8s aux zones s\u00e9curis\u00e9es de la page Web. Le site Web ne peut pas fonctionner correctement sans ces cookies.<\/li>\n<li><strong> <em> Cookies de pr\u00e9f\u00e9rence <\/em>&nbsp;: <\/strong> Les cookies de pr\u00e9f\u00e9rence permettent au site Web de m\u00e9moriser des informations qui modifient le comportement de la page ou son apparence, telles que votre langue pr\u00e9f\u00e9r\u00e9e ou la r\u00e9gion dans laquelle vous sont dedans.<\/li>\n<li><strong> <em> Cookies statistiques <\/em>&nbsp;: <\/strong> les cookies statistiques aident les propri\u00e9taires de pages Web \u00e0 comprendre comment les visiteurs interagissent avec les pages Web en collectant et en fournissant des informations de mani\u00e8re anonyme.&nbsp;<\/li>\n<li><strong> Cookies marketing&nbsp;: <\/strong> Les cookies marketing sont utilis\u00e9s pour suivre les visiteurs sur les pages Web. L&rsquo;intention est de diffuser des annonces pertinentes et attrayantes pour l&rsquo;utilisateur individuel, et donc plus int\u00e9ressantes pour les \u00e9diteurs et les annonceurs tiers.<\/li>\n<\/ul>\n<p><script data-culture=\"FR\" id=\"CookieDeclaration\" src=\"https:\/\/consent.cookiebot.com\/12a24aa1-f601-413d-9bfe-82ce68958b8d\/cd.js\" type=\"text\/javascript\" async=\"\"><\/script><\/p>\n<h2>Configuration des <em> cookies <\/em> pour les navigateurs les plus populaires<\/h2>\n<p>Voici comment acc\u00e9der \u00e0 un <em> cookie <\/em> sp\u00e9cifique du navigateur <strong> Chrome <\/strong>. Remarque&nbsp;: ces \u00e9tapes peuvent varier en fonction de la version du navigateur&nbsp;:<\/p>\n<ol>\n<li>Acc\u00e9dez \u00e0 Param\u00e8tres ou Pr\u00e9f\u00e9rences via le menu Fichier ou en cliquant sur l&rsquo;ic\u00f4ne de personnalisation qui appara\u00eet en haut \u00e0 droite.<\/li>\n<li>Vous verrez diff\u00e9rentes sections, cliquez sur l&rsquo;option <em> Afficher les options avanc\u00e9es <\/em>.<\/li>\n<li>Acc\u00e9dez \u00e0 <em> Confidentialit\u00e9 <\/em>, <em> Param\u00e8tres de contenu <\/em>.<\/li>\n<li>S\u00e9lectionnez <em> Tous les cookies et donn\u00e9es du site <\/em>.<\/li>\n<li>Une liste appara\u00eetra avec tous les <em> cookies <\/em> class\u00e9s par domaine. Pour vous permettre de retrouver plus facilement les <em> cookies <\/em> d&rsquo;un domaine sp\u00e9cifique, saisissez partiellement ou totalement l&rsquo;adresse dans le champ <em> Rechercher des cookies <\/em>.<\/li>\n<li>Apr\u00e8s avoir effectu\u00e9 ce filtre, une ou plusieurs lignes contenant les <em> cookies <\/em> du site Web demand\u00e9 appara\u00eetront \u00e0 l&rsquo;\u00e9cran. Il ne vous reste plus qu&rsquo;\u00e0 le s\u00e9lectionner et appuyer sur le <em> X <\/em> pour proc\u00e9der \u00e0 son \u00e9limination.<\/li>\n<\/ol>\n<p>Pour acc\u00e9der aux param\u00e8tres de <em> cookies <\/em> du navigateur <strong> Internet Explorer <\/strong>, proc\u00e9dez comme suit (ils peuvent varier selon la version du navigateur)&nbsp;:<\/p>\n<ol>\n<li>Allez dans <em> Outils <\/em>, <em> Options Internet <\/em><\/li>\n<li>Cliquez sur <em> Confidentialit\u00e9 <\/em>.<\/li>\n<li>D\u00e9placez le curseur pour r\u00e9gler le niveau de confidentialit\u00e9 souhait\u00e9.<\/li>\n<\/ol>\n<p>Pour acc\u00e9der \u00e0 la configuration des <em> cookies <\/em> du navigateur <strong> Firefox <\/strong>, suivez ces \u00e9tapes (elles peuvent varier selon la version du navigateur) :<\/p>\n<ol>\n<li>Allez dans <em> Options <\/em> ou <em> Pr\u00e9f\u00e9rences <\/em> selon votre syst\u00e8me d&rsquo;exploitation.<\/li>\n<li>Cliquez sur <em> Confidentialit\u00e9 <\/em>.<\/li>\n<li>Sous <em> Historique <\/em> choisissez <em> Utiliser les param\u00e8tres personnalis\u00e9s pour l&rsquo;historique <\/em>.<\/li>\n<li>Vous verrez maintenant l&rsquo;option <em> Accepter les cookies <\/em>, vous pouvez l&rsquo;activer ou la d\u00e9sactiver selon vos pr\u00e9f\u00e9rences.<\/li>\n<\/ol>\n<p>Pour acc\u00e9der \u00e0 la configuration des <em> cookies <\/em> du navigateur <strong> Safari pour OSX <\/strong>, suivez ces \u00e9tapes (elles peuvent varier selon la version du navigateur) :<\/p>\n<ol>\n<li>Allez dans <em> Pr\u00e9f\u00e9rences <\/em>, puis <em> Confidentialit\u00e9 <\/em>.<\/li>\n<li>Dans cet endroit, vous verrez l&rsquo;option <em> Bloquer les cookies <\/em> afin que vous puissiez ajuster le type de blocage que vous souhaitez effectuer.<\/li>\n<\/ol>\n<p>Pour acc\u00e9der \u00e0 la configuration des <em> cookies <\/em> du navigateur <strong> Safari pour iOS <\/strong>, suivez ces \u00e9tapes (elles peuvent varier selon la version du navigateur) :<\/p>\n<ol>\n<li>Allez dans <em> Param\u00e8tres <\/em>, puis <em> Safari <\/em>.<\/li>\n<li>Allez dans <em> Confidentialit\u00e9 et s\u00e9curit\u00e9 <\/em>, vous verrez l&rsquo;option <em> Bloquer les cookies <\/em> afin que vous puissiez ajuster le type de blocage que vous souhaitez effectuer.<\/li>\n<\/ol>\n<p>Pour acc\u00e9der \u00e0 la configuration des <em> cookies <\/em> du navigateur pour les appareils <strong> Android <\/strong>, suivez ces \u00e9tapes (elles peuvent varier selon la version du navigateur) :<\/p>\n<ol>\n<li>Lancez le navigateur et appuyez sur la touche <em> Menu <\/em>, puis sur <em> Param\u00e8tres <\/em>.<\/li>\n<li>Allez dans <em> S\u00e9curit\u00e9 et confidentialit\u00e9 <\/em>, vous verrez l&rsquo;option <em> Accepter les cookies <\/em> pour activer ou d\u00e9sactiver la case.<\/li>\n<\/ol>\n<p>Pour acc\u00e9der \u00e0 la configuration des <em> cookies <\/em> du navigateur pour les appareils <strong> Windows Phone <\/strong>, suivez ces \u00e9tapes (elles peuvent varier selon la version du navigateur) :<\/p>\n<ol>\n<li>Ouvrez <em> Internet Explorer <\/em>, puis <em> Plus <\/em>, puis <em> Param\u00e8tres <\/em><\/li>\n<li>Vous pouvez d\u00e9sormais activer ou d\u00e9sactiver la case <em> Autoriser les cookies <\/em>.<\/li>\n<\/ol>\n<h3>Remarques suppl\u00e9mentaires<\/h3>\n<ul>\n<li>Ni ce site Web ni ses repr\u00e9sentants l\u00e9gaux ne sont responsables du contenu ou de la v\u00e9racit\u00e9 des politiques de confidentialit\u00e9 que les tiers mentionn\u00e9s dans cette politique de cookies peuvent avoir.<\/li>\n<li>Les navigateurs Web sont les outils charg\u00e9s de stocker les cookies et \u00e0 partir de cet endroit, vous devez exercer votre droit de les supprimer ou de les d\u00e9sactiver. Ni ce site Web ni ses repr\u00e9sentants l\u00e9gaux ne peuvent garantir le traitement correct ou incorrect des cookies par les navigateurs susmentionn\u00e9s.<\/li>\n<li>Dans certains cas, il est n\u00e9cessaire d&rsquo;installer des cookies pour que le navigateur n&rsquo;oublie pas votre d\u00e9cision de ne pas les accepter.<\/li>\n<li>Dans le cas des cookies Google Analytics, cette soci\u00e9t\u00e9 stocke des cookies sur des serveurs situ\u00e9s aux \u00c9tats-Unis et s&rsquo;engage \u00e0 ne pas les partager avec des tiers, sauf dans les cas o\u00f9 cela est n\u00e9cessaire au fonctionnement du syst\u00e8me ou lorsque la loi l&rsquo;exige cette. Selon Google, il n&rsquo;enregistre pas votre adresse IP. Google Inc. est une entreprise qui a adh\u00e9r\u00e9 \u00e0 l&rsquo;accord Safe Harbor qui garantit que toutes les donn\u00e9es transf\u00e9r\u00e9es seront trait\u00e9es avec un niveau de protection conforme \u00e0 la r\u00e9glementation europ\u00e9enne. Vous pouvez consulter des informations d\u00e9taill\u00e9es \u00e0 ce sujet <a href=\"https:\/\/www.export.gov\/safeharbor_swiss\" target=\"_blank\" rel=\"noopener noreferrer\"> sur ce lien. <\/a> Pour plus d&rsquo;informations sur l&rsquo;utilisation qui Google donne des cookies <a href=\"https:\/\/developers.google.com\/analytics\/devguides\/collection\/analyticsjs\/cookie-usage?hl=es&amp;csw=1\" target=\"_ blank\" rel=\"noopener noreferrer \"> nous attachons cet autre lien. <\/a><\/li>\n<li>Pour toute question ou requ\u00eate concernant cette politique de cookies, n&rsquo;h\u00e9sitez pas \u00e0 nous contacter via la rubrique contact.<\/li>\n<li>Certaines des donn\u00e9es collect\u00e9es par ce fournisseur sont utilis\u00e9es pour la personnalisation et la mesure de l&rsquo;efficacit\u00e9 publicitaire. Plus d&rsquo;informations sur la <a href=\"https:\/\/business.safety.google\/privacy\/\" target=\"_blank\" rel=\"noopener\">politique de confidentialit\u00e9 de Google<\/a>.&nbsp;<\/li>\n<\/ul>\t\t\t\t\t\t\t\t<\/div>\n\t\t\t\t<\/div>\n\t\t\t\t\t<\/div>\n\t\t<\/div>\n\t\t\t\t\t<\/div>\n\t\t<\/section>\n\t\t\t\t<\/div>\n\t\t","protected":false},"excerpt":{"rendered":"<p>Qu&rsquo;est-ce qu&rsquo;un cookie ? Un cookie est un fichier texte inoffensif qui est stock\u00e9 dans votre navigateur lorsque vous visitez [&hellip;]<\/p>\n","protected":false},"author":9,"featured_media":0,"parent":0,"menu_order":0,"comment_status":"closed","ping_status":"closed","template":"","meta":{"_genesis_hide_title":false,"_genesis_hide_breadcrumbs":false,"_genesis_hide_singular_image":false,"_genesis_hide_footer_widgets":false,"_genesis_custom_body_class":"legal","_genesis_custom_post_class":"","_genesis_layout":"","footnotes":""},"class_list":{"0":"post-7","1":"page","2":"type-page","3":"status-publish","5":"entry","6":"one-half"},"yoast_head":"<!-- This site is optimized with the Yoast SEO plugin v26.8 - https:\/\/yoast.com\/product\/yoast-seo-wordpress\/ -->\n<title>Politique de cookies - SAT ESANA FR<\/title>\n<meta name=\"robots\" content=\"noindex, nofollow\" \/>\n<meta property=\"og:locale\" content=\"fr_FR\" \/>\n<meta property=\"og:type\" content=\"article\" \/>\n<meta property=\"og:title\" content=\"Politique de cookies - SAT ESANA FR\" \/>\n<meta property=\"og:description\" content=\"Qu&rsquo;est-ce qu&rsquo;un cookie ? Un cookie est un fichier texte inoffensif qui est stock\u00e9 dans votre navigateur lorsque vous visitez [&hellip;]\" \/>\n<meta property=\"og:url\" content=\"https:\/\/satesana.es\/fr\/politique-de-cookies\/\" \/>\n<meta property=\"og:site_name\" content=\"SAT ESANA FR\" \/>\n<meta property=\"article:modified_time\" content=\"2025-03-18T14:10:04+00:00\" \/>\n<meta name=\"twitter:card\" content=\"summary_large_image\" \/>\n<meta name=\"twitter:label1\" content=\"Dur\u00e9e de lecture estim\u00e9e\" \/>\n\t<meta name=\"twitter:data1\" content=\"6 minutes\" \/>\n<script type=\"application\/ld+json\" class=\"yoast-schema-graph\">{\"@context\":\"https:\/\/schema.org\",\"@graph\":[{\"@type\":\"WebPage\",\"@id\":\"https:\/\/satesana.es\/fr\/politique-de-cookies\/\",\"url\":\"https:\/\/satesana.es\/fr\/politique-de-cookies\/\",\"name\":\"Politique de cookies - SAT ESANA FR\",\"isPartOf\":{\"@id\":\"https:\/\/satesana.es\/fr\/#website\"},\"datePublished\":\"2018-09-03T08:11:17+00:00\",\"dateModified\":\"2025-03-18T14:10:04+00:00\",\"breadcrumb\":{\"@id\":\"https:\/\/satesana.es\/fr\/politique-de-cookies\/#breadcrumb\"},\"inLanguage\":\"fr-FR\",\"potentialAction\":[{\"@type\":\"ReadAction\",\"target\":[\"https:\/\/satesana.es\/fr\/politique-de-cookies\/\"]}]},{\"@type\":\"BreadcrumbList\",\"@id\":\"https:\/\/satesana.es\/fr\/politique-de-cookies\/#breadcrumb\",\"itemListElement\":[{\"@type\":\"ListItem\",\"position\":1,\"name\":\"Portada\",\"item\":\"https:\/\/satesana.es\/fr\/\"},{\"@type\":\"ListItem\",\"position\":2,\"name\":\"Politique de cookies\"}]},{\"@type\":\"WebSite\",\"@id\":\"https:\/\/satesana.es\/fr\/#website\",\"url\":\"https:\/\/satesana.es\/fr\/\",\"name\":\"SAT ESANA FR\",\"description\":\"SAT ESANA\",\"publisher\":{\"@id\":\"https:\/\/satesana.es\/fr\/#organization\"},\"alternateName\":\"SAT ESANA\",\"potentialAction\":[{\"@type\":\"SearchAction\",\"target\":{\"@type\":\"EntryPoint\",\"urlTemplate\":\"https:\/\/satesana.es\/fr\/?s={search_term_string}\"},\"query-input\":{\"@type\":\"PropertyValueSpecification\",\"valueRequired\":true,\"valueName\":\"search_term_string\"}}],\"inLanguage\":\"fr-FR\"},{\"@type\":\"Organization\",\"@id\":\"https:\/\/satesana.es\/fr\/#organization\",\"name\":\"SAT Esana\",\"alternateName\":\"SAT Esana\",\"url\":\"https:\/\/satesana.es\/fr\/\",\"logo\":{\"@type\":\"ImageObject\",\"inLanguage\":\"fr-FR\",\"@id\":\"https:\/\/satesana.es\/fr\/#\/schema\/logo\/image\/\",\"url\":\"https:\/\/satesana.es\/fr\/wp-content\/uploads\/sites\/3\/2023\/01\/logo.png\",\"contentUrl\":\"https:\/\/satesana.es\/fr\/wp-content\/uploads\/sites\/3\/2023\/01\/logo.png\",\"width\":211,\"height\":67,\"caption\":\"SAT Esana\"},\"image\":{\"@id\":\"https:\/\/satesana.es\/fr\/#\/schema\/logo\/image\/\"}}]}<\/script>\n<!-- \/ Yoast SEO plugin. -->","yoast_head_json":{"title":"Politique de cookies - SAT ESANA FR","robots":{"index":"noindex","follow":"nofollow"},"og_locale":"fr_FR","og_type":"article","og_title":"Politique de cookies - SAT ESANA FR","og_description":"Qu&rsquo;est-ce qu&rsquo;un cookie ? Un cookie est un fichier texte inoffensif qui est stock\u00e9 dans votre navigateur lorsque vous visitez [&hellip;]","og_url":"https:\/\/satesana.es\/fr\/politique-de-cookies\/","og_site_name":"SAT ESANA FR","article_modified_time":"2025-03-18T14:10:04+00:00","twitter_card":"summary_large_image","twitter_misc":{"Dur\u00e9e de lecture estim\u00e9e":"6 minutes"},"schema":{"@context":"https:\/\/schema.org","@graph":[{"@type":"WebPage","@id":"https:\/\/satesana.es\/fr\/politique-de-cookies\/","url":"https:\/\/satesana.es\/fr\/politique-de-cookies\/","name":"Politique de cookies - SAT ESANA FR","isPartOf":{"@id":"https:\/\/satesana.es\/fr\/#website"},"datePublished":"2018-09-03T08:11:17+00:00","dateModified":"2025-03-18T14:10:04+00:00","breadcrumb":{"@id":"https:\/\/satesana.es\/fr\/politique-de-cookies\/#breadcrumb"},"inLanguage":"fr-FR","potentialAction":[{"@type":"ReadAction","target":["https:\/\/satesana.es\/fr\/politique-de-cookies\/"]}]},{"@type":"BreadcrumbList","@id":"https:\/\/satesana.es\/fr\/politique-de-cookies\/#breadcrumb","itemListElement":[{"@type":"ListItem","position":1,"name":"Portada","item":"https:\/\/satesana.es\/fr\/"},{"@type":"ListItem","position":2,"name":"Politique de cookies"}]},{"@type":"WebSite","@id":"https:\/\/satesana.es\/fr\/#website","url":"https:\/\/satesana.es\/fr\/","name":"SAT ESANA FR","description":"SAT ESANA","publisher":{"@id":"https:\/\/satesana.es\/fr\/#organization"},"alternateName":"SAT ESANA","potentialAction":[{"@type":"SearchAction","target":{"@type":"EntryPoint","urlTemplate":"https:\/\/satesana.es\/fr\/?s={search_term_string}"},"query-input":{"@type":"PropertyValueSpecification","valueRequired":true,"valueName":"search_term_string"}}],"inLanguage":"fr-FR"},{"@type":"Organization","@id":"https:\/\/satesana.es\/fr\/#organization","name":"SAT Esana","alternateName":"SAT Esana","url":"https:\/\/satesana.es\/fr\/","logo":{"@type":"ImageObject","inLanguage":"fr-FR","@id":"https:\/\/satesana.es\/fr\/#\/schema\/logo\/image\/","url":"https:\/\/satesana.es\/fr\/wp-content\/uploads\/sites\/3\/2023\/01\/logo.png","contentUrl":"https:\/\/satesana.es\/fr\/wp-content\/uploads\/sites\/3\/2023\/01\/logo.png","width":211,"height":67,"caption":"SAT Esana"},"image":{"@id":"https:\/\/satesana.es\/fr\/#\/schema\/logo\/image\/"}}]}},"_links":{"self":[{"href":"https:\/\/satesana.es\/fr\/wp-json\/wp\/v2\/pages\/7","targetHints":{"allow":["GET"]}}],"collection":[{"href":"https:\/\/satesana.es\/fr\/wp-json\/wp\/v2\/pages"}],"about":[{"href":"https:\/\/satesana.es\/fr\/wp-json\/wp\/v2\/types\/page"}],"author":[{"embeddable":true,"href":"https:\/\/satesana.es\/fr\/wp-json\/wp\/v2\/users\/9"}],"replies":[{"embeddable":true,"href":"https:\/\/satesana.es\/fr\/wp-json\/wp\/v2\/comments?post=7"}],"version-history":[{"count":53,"href":"https:\/\/satesana.es\/fr\/wp-json\/wp\/v2\/pages\/7\/revisions"}],"predecessor-version":[{"id":8006,"href":"https:\/\/satesana.es\/fr\/wp-json\/wp\/v2\/pages\/7\/revisions\/8006"}],"wp:attachment":[{"href":"https:\/\/satesana.es\/fr\/wp-json\/wp\/v2\/media?parent=7"}],"curies":[{"name":"wp","href":"https:\/\/api.w.org\/{rel}","templated":true}]}}