{"id":475,"date":"2022-02-25T08:42:57","date_gmt":"2022-02-25T07:42:57","guid":{"rendered":"https:\/\/satesana.es\/fr\/?page_id=475"},"modified":"2023-03-21T13:53:46","modified_gmt":"2023-03-21T12:53:46","slug":"accesibilidad","status":"publish","type":"page","link":"https:\/\/satesana.es\/fr\/accesibilidad\/","title":{"rendered":"Accesibilidad"},"content":{"rendered":"\t\t<div data-elementor-type=\"wp-page\" data-elementor-id=\"475\" class=\"elementor elementor-475\">\n\t\t\t\t\t\t<section class=\"elementor-section elementor-top-section elementor-element elementor-element-2cb7a56e elementor-section-boxed elementor-section-height-default elementor-section-height-default\" data-id=\"2cb7a56e\" data-element_type=\"section\">\n\t\t\t\t\t\t<div class=\"elementor-container elementor-column-gap-default\">\n\t\t\t\t\t<div class=\"elementor-column elementor-col-100 elementor-top-column elementor-element elementor-element-680413b9\" data-id=\"680413b9\" data-element_type=\"column\">\n\t\t\t<div class=\"elementor-widget-wrap elementor-element-populated\">\n\t\t\t\t\t\t<div class=\"elementor-element elementor-element-1dc4c10 elementor-widget elementor-widget-heading\" data-id=\"1dc4c10\" data-element_type=\"widget\" data-widget_type=\"heading.default\">\n\t\t\t\t<div class=\"elementor-widget-container\">\n\t\t\t\t\t<h1 class=\"elementor-heading-title elementor-size-default\">Accessibilit\u00e9 AA<\/h1>\t\t\t\t<\/div>\n\t\t\t\t<\/div>\n\t\t\t\t<div class=\"elementor-element elementor-element-2aa6d0f elementor-widget elementor-widget-text-editor\" data-id=\"2aa6d0f\" data-element_type=\"widget\" data-widget_type=\"text-editor.default\">\n\t\t\t\t<div class=\"elementor-widget-container\">\n\t\t\t\t\t\t\t\t\t<p>L&rsquo;accessibilit\u00e9 du Web est l&rsquo;ensemble des technologies et des normes de mise en \u0153uvre et de conception qui <strong>facilitent l&rsquo;utilisation d&rsquo;Internet au plus grand nombre possible de personnes<\/strong>, y compris celles qui peuvent avoir un certain type de handicap. Le niveau Double A est le niveau interm\u00e9diaire \u00e9tabli par la Web Accessibility Initiative (WAI) du W3C et le plus requis. Il s&rsquo;applique aux pages qui respectent des <strong>crit\u00e8res d&rsquo;accessibilit\u00e9 Web avanc\u00e9s<\/strong>, tels que la disponibilit\u00e9 de sous-titres pour les vid\u00e9os ou la possibilit\u00e9 d&rsquo;augmenter la taille du texte, entre autres.<\/p>\n<p>Les WCAG sont des recommandations pour rendre les sites Web accessibles. Son but est <strong>de s&rsquo;assurer que tous les types de pages, y compris multim\u00e9dia, fonctionnent correctement pour tous les utilisateurs.<\/strong> En g\u00e9n\u00e9ral, pour qu&rsquo;un site Web soit accessible, un design tr\u00e8s sp\u00e9cifique n&rsquo;est pas n\u00e9cessaire ; il suffit qu&rsquo;il soit flexible pour que les gens puissent interagir avec lui \u00e0 partir de diff\u00e9rents p\u00e9riph\u00e9riques d&rsquo;entr\u00e9e (clavier, souris, etc.) et pour que les diff\u00e9rentes technologies qu&rsquo;il utilise (Flash, Java, PDF ou autres <em>plug-ins)<\/em> sont compatibles avec l&rsquo;accessibilit\u00e9.<\/p>\n<p>De plus, ces directives rendent les pages plus faciles \u00e0 g\u00e9rer. En facilitant la navigation et en permettant l&rsquo;acc\u00e8s via divers appareils, l&rsquo;exp\u00e9rience utilisateur, la convivialit\u00e9 et le positionnement dans les moteurs de recherche sont <strong>am\u00e9lior\u00e9s<\/strong>.<\/p>\n<h3>S.A.T ESANA, engag\u00e9 pour l&rsquo;accessibilit\u00e9<\/h3>\n<p><strong>S.A.T ESANA<\/strong> s&rsquo;est fix\u00e9 comme objectif prioritaire que <strong>toute personne, quel que soit son handicap, son \u00e2ge ou la technologie utilis\u00e9e, puisse naviguer sur son site Internet sans rencontrer de difficult\u00e9s d&rsquo;acc\u00e8s.<\/strong> <strong> Pour \u00c0 cette fin, le d\u00e9veloppement de son site Web d&rsquo;entreprise a \u00e9t\u00e9 bas\u00e9 sur le respect des <a href=\"https:\/\/www.w3.org\/TR\/WCAG21\/\" target=\"_blank\" rel=\"noopener\">WCAG 2.1. <\/a><\/strong><\/p>\n<p>Si vous souhaitez v\u00e9rifier l&rsquo;\u00e9tat d&rsquo;accessibilit\u00e9 qui a \u00e9t\u00e9 transmis sur ce site Web, vous pouvez le faire depuis <a href=\"https:\/\/wave.webaim.org\/\" target=\"_blank\" rel=\"noopener\">ici<\/a>.<\/p>\n<p><a href=\"https:\/\/wave.webaim.org\/\" target=\"_blank\" rel=\"noopener\">Cependant, si vous rencontrez des difficult\u00e9s pour acc\u00e9der aux informations sur notre site Web ou si vous avez des suggestions ou des questions li\u00e9es \u00e0 l&rsquo;accessibilit\u00e9, vous pouvez nous contacter par e-mail <\/a><a href=\"mailto:administracion@satesana.es\">administracion@satesana.es<\/a><\/p>\n<p>&nbsp;<\/p>\t\t\t\t\t\t\t\t<\/div>\n\t\t\t\t<\/div>\n\t\t\t\t\t<\/div>\n\t\t<\/div>\n\t\t\t\t\t<\/div>\n\t\t<\/section>\n\t\t\t\t<\/div>\n\t\t","protected":false},"excerpt":{"rendered":"<p>Accessibilit\u00e9 AA L&rsquo;accessibilit\u00e9 du Web est l&rsquo;ensemble des technologies et des normes de mise en \u0153uvre et de conception qui [&hellip;]<\/p>\n","protected":false},"author":9,"featured_media":0,"parent":0,"menu_order":0,"comment_status":"closed","ping_status":"closed","template":"","meta":{"_genesis_hide_title":false,"_genesis_hide_breadcrumbs":false,"_genesis_hide_singular_image":false,"_genesis_hide_footer_widgets":false,"_genesis_custom_body_class":"legal","_genesis_custom_post_class":"","_genesis_layout":"","footnotes":""},"class_list":{"0":"post-475","1":"page","2":"type-page","3":"status-publish","5":"entry","6":"one-half"},"yoast_head":"<!-- This site is optimized with the Yoast SEO plugin v26.8 - https:\/\/yoast.com\/product\/yoast-seo-wordpress\/ -->\n<title>Accesibilidad - SAT ESANA FR<\/title>\n<meta name=\"robots\" content=\"noindex, nofollow\" \/>\n<meta property=\"og:locale\" content=\"fr_FR\" \/>\n<meta property=\"og:type\" content=\"article\" \/>\n<meta property=\"og:title\" content=\"Accesibilidad - SAT ESANA FR\" \/>\n<meta property=\"og:description\" content=\"Accessibilit\u00e9 AA L&rsquo;accessibilit\u00e9 du Web est l&rsquo;ensemble des technologies et des normes de mise en \u0153uvre et de conception qui [&hellip;]\" \/>\n<meta property=\"og:url\" content=\"https:\/\/satesana.es\/fr\/accesibilidad\/\" \/>\n<meta property=\"og:site_name\" content=\"SAT ESANA FR\" \/>\n<meta property=\"article:modified_time\" content=\"2023-03-21T12:53:46+00:00\" \/>\n<meta name=\"twitter:card\" content=\"summary_large_image\" \/>\n<meta name=\"twitter:label1\" content=\"Dur\u00e9e de lecture estim\u00e9e\" \/>\n\t<meta name=\"twitter:data1\" content=\"2 minutes\" \/>\n<script type=\"application\/ld+json\" class=\"yoast-schema-graph\">{\"@context\":\"https:\/\/schema.org\",\"@graph\":[{\"@type\":\"WebPage\",\"@id\":\"https:\/\/satesana.es\/fr\/accesibilidad\/\",\"url\":\"https:\/\/satesana.es\/fr\/accesibilidad\/\",\"name\":\"Accesibilidad - SAT ESANA FR\",\"isPartOf\":{\"@id\":\"https:\/\/satesana.es\/fr\/#website\"},\"datePublished\":\"2022-02-25T07:42:57+00:00\",\"dateModified\":\"2023-03-21T12:53:46+00:00\",\"breadcrumb\":{\"@id\":\"https:\/\/satesana.es\/fr\/accesibilidad\/#breadcrumb\"},\"inLanguage\":\"fr-FR\",\"potentialAction\":[{\"@type\":\"ReadAction\",\"target\":[\"https:\/\/satesana.es\/fr\/accesibilidad\/\"]}]},{\"@type\":\"BreadcrumbList\",\"@id\":\"https:\/\/satesana.es\/fr\/accesibilidad\/#breadcrumb\",\"itemListElement\":[{\"@type\":\"ListItem\",\"position\":1,\"name\":\"Portada\",\"item\":\"https:\/\/satesana.es\/fr\/\"},{\"@type\":\"ListItem\",\"position\":2,\"name\":\"Accesibilidad\"}]},{\"@type\":\"WebSite\",\"@id\":\"https:\/\/satesana.es\/fr\/#website\",\"url\":\"https:\/\/satesana.es\/fr\/\",\"name\":\"SAT ESANA FR\",\"description\":\"SAT ESANA\",\"publisher\":{\"@id\":\"https:\/\/satesana.es\/fr\/#organization\"},\"alternateName\":\"SAT ESANA\",\"potentialAction\":[{\"@type\":\"SearchAction\",\"target\":{\"@type\":\"EntryPoint\",\"urlTemplate\":\"https:\/\/satesana.es\/fr\/?s={search_term_string}\"},\"query-input\":{\"@type\":\"PropertyValueSpecification\",\"valueRequired\":true,\"valueName\":\"search_term_string\"}}],\"inLanguage\":\"fr-FR\"},{\"@type\":\"Organization\",\"@id\":\"https:\/\/satesana.es\/fr\/#organization\",\"name\":\"SAT Esana\",\"alternateName\":\"SAT Esana\",\"url\":\"https:\/\/satesana.es\/fr\/\",\"logo\":{\"@type\":\"ImageObject\",\"inLanguage\":\"fr-FR\",\"@id\":\"https:\/\/satesana.es\/fr\/#\/schema\/logo\/image\/\",\"url\":\"https:\/\/satesana.es\/fr\/wp-content\/uploads\/sites\/3\/2023\/01\/logo.png\",\"contentUrl\":\"https:\/\/satesana.es\/fr\/wp-content\/uploads\/sites\/3\/2023\/01\/logo.png\",\"width\":211,\"height\":67,\"caption\":\"SAT Esana\"},\"image\":{\"@id\":\"https:\/\/satesana.es\/fr\/#\/schema\/logo\/image\/\"}}]}<\/script>\n<!-- \/ Yoast SEO plugin. -->","yoast_head_json":{"title":"Accesibilidad - SAT ESANA FR","robots":{"index":"noindex","follow":"nofollow"},"og_locale":"fr_FR","og_type":"article","og_title":"Accesibilidad - SAT ESANA FR","og_description":"Accessibilit\u00e9 AA L&rsquo;accessibilit\u00e9 du Web est l&rsquo;ensemble des technologies et des normes de mise en \u0153uvre et de conception qui [&hellip;]","og_url":"https:\/\/satesana.es\/fr\/accesibilidad\/","og_site_name":"SAT ESANA FR","article_modified_time":"2023-03-21T12:53:46+00:00","twitter_card":"summary_large_image","twitter_misc":{"Dur\u00e9e de lecture estim\u00e9e":"2 minutes"},"schema":{"@context":"https:\/\/schema.org","@graph":[{"@type":"WebPage","@id":"https:\/\/satesana.es\/fr\/accesibilidad\/","url":"https:\/\/satesana.es\/fr\/accesibilidad\/","name":"Accesibilidad - SAT ESANA FR","isPartOf":{"@id":"https:\/\/satesana.es\/fr\/#website"},"datePublished":"2022-02-25T07:42:57+00:00","dateModified":"2023-03-21T12:53:46+00:00","breadcrumb":{"@id":"https:\/\/satesana.es\/fr\/accesibilidad\/#breadcrumb"},"inLanguage":"fr-FR","potentialAction":[{"@type":"ReadAction","target":["https:\/\/satesana.es\/fr\/accesibilidad\/"]}]},{"@type":"BreadcrumbList","@id":"https:\/\/satesana.es\/fr\/accesibilidad\/#breadcrumb","itemListElement":[{"@type":"ListItem","position":1,"name":"Portada","item":"https:\/\/satesana.es\/fr\/"},{"@type":"ListItem","position":2,"name":"Accesibilidad"}]},{"@type":"WebSite","@id":"https:\/\/satesana.es\/fr\/#website","url":"https:\/\/satesana.es\/fr\/","name":"SAT ESANA FR","description":"SAT ESANA","publisher":{"@id":"https:\/\/satesana.es\/fr\/#organization"},"alternateName":"SAT ESANA","potentialAction":[{"@type":"SearchAction","target":{"@type":"EntryPoint","urlTemplate":"https:\/\/satesana.es\/fr\/?s={search_term_string}"},"query-input":{"@type":"PropertyValueSpecification","valueRequired":true,"valueName":"search_term_string"}}],"inLanguage":"fr-FR"},{"@type":"Organization","@id":"https:\/\/satesana.es\/fr\/#organization","name":"SAT Esana","alternateName":"SAT Esana","url":"https:\/\/satesana.es\/fr\/","logo":{"@type":"ImageObject","inLanguage":"fr-FR","@id":"https:\/\/satesana.es\/fr\/#\/schema\/logo\/image\/","url":"https:\/\/satesana.es\/fr\/wp-content\/uploads\/sites\/3\/2023\/01\/logo.png","contentUrl":"https:\/\/satesana.es\/fr\/wp-content\/uploads\/sites\/3\/2023\/01\/logo.png","width":211,"height":67,"caption":"SAT Esana"},"image":{"@id":"https:\/\/satesana.es\/fr\/#\/schema\/logo\/image\/"}}]}},"_links":{"self":[{"href":"https:\/\/satesana.es\/fr\/wp-json\/wp\/v2\/pages\/475","targetHints":{"allow":["GET"]}}],"collection":[{"href":"https:\/\/satesana.es\/fr\/wp-json\/wp\/v2\/pages"}],"about":[{"href":"https:\/\/satesana.es\/fr\/wp-json\/wp\/v2\/types\/page"}],"author":[{"embeddable":true,"href":"https:\/\/satesana.es\/fr\/wp-json\/wp\/v2\/users\/9"}],"replies":[{"embeddable":true,"href":"https:\/\/satesana.es\/fr\/wp-json\/wp\/v2\/comments?post=475"}],"version-history":[{"count":50,"href":"https:\/\/satesana.es\/fr\/wp-json\/wp\/v2\/pages\/475\/revisions"}],"predecessor-version":[{"id":6772,"href":"https:\/\/satesana.es\/fr\/wp-json\/wp\/v2\/pages\/475\/revisions\/6772"}],"wp:attachment":[{"href":"https:\/\/satesana.es\/fr\/wp-json\/wp\/v2\/media?parent=475"}],"curies":[{"name":"wp","href":"https:\/\/api.w.org\/{rel}","templated":true}]}}