{"id":3,"date":"2018-08-31T09:20:41","date_gmt":"2018-08-31T07:20:41","guid":{"rendered":"https:\/\/satesana.es\/fr\/?page_id=3"},"modified":"2023-03-21T13:02:17","modified_gmt":"2023-03-21T12:02:17","slug":"politique-de-confidentialite","status":"publish","type":"page","link":"https:\/\/satesana.es\/fr\/politique-de-confidentialite\/","title":{"rendered":"Politique de confidentialit\u00e9"},"content":{"rendered":"\t\t<div data-elementor-type=\"wp-page\" data-elementor-id=\"3\" class=\"elementor elementor-3\">\n\t\t\t\t\t\t<section class=\"elementor-section elementor-top-section elementor-element elementor-element-2cb7a56e elementor-section-boxed elementor-section-height-default elementor-section-height-default\" data-id=\"2cb7a56e\" data-element_type=\"section\">\n\t\t\t\t\t\t<div class=\"elementor-container elementor-column-gap-default\">\n\t\t\t\t\t<div class=\"elementor-column elementor-col-100 elementor-top-column elementor-element elementor-element-680413b9\" data-id=\"680413b9\" data-element_type=\"column\">\n\t\t\t<div class=\"elementor-widget-wrap elementor-element-populated\">\n\t\t\t\t\t\t<div class=\"elementor-element elementor-element-1dc4c10 elementor-widget elementor-widget-heading\" data-id=\"1dc4c10\" data-element_type=\"widget\" data-widget_type=\"heading.default\">\n\t\t\t\t<div class=\"elementor-widget-container\">\n\t\t\t\t\t<h1 class=\"elementor-heading-title elementor-size-default\">Politique de confidentialit\u00e9<\/h1>\t\t\t\t<\/div>\n\t\t\t\t<\/div>\n\t\t\t\t<div class=\"elementor-element elementor-element-8efec09 elementor-widget elementor-widget-text-editor\" data-id=\"8efec09\" data-element_type=\"widget\" data-widget_type=\"text-editor.default\">\n\t\t\t\t<div class=\"elementor-widget-container\">\n\t\t\t\t\t\t\t\t\t<p><b> S.A.T. N\u00ba 9.732 ESANA <\/b> dans son engagement pour la Protection des Donn\u00e9es Personnelles de ses clients, et en tant que garant maximum de leur vie priv\u00e9e, a proc\u00e9d\u00e9 \u00e0 une revue de tous ses processus commerciaux et notamment ceux qui impliquent un traitement de donn\u00e9es personnelles donn\u00e9es, en les adaptant aux nouvelles exigences de la r\u00e9glementation communautaire, du R\u00e8glement g\u00e9n\u00e9ral sur la protection des donn\u00e9es (RGPD), en mettant en \u0153uvre les mesures de s\u00e9curit\u00e9 appropri\u00e9es en tenant compte des r\u00e9sultats obtenus \u00e0 partir de l&rsquo;analyse effectu\u00e9e et a mis \u00e0 jour ses politiques de confidentialit\u00e9 et par cons\u00e9quent le pr\u00e9sent avis juridique.<\/p>\n<p>L&rsquo;utilisateur et \/ ou le client garantit que les donn\u00e9es fournies sont vraies, exactes, compl\u00e8tes et \u00e0 jour, \u00e9tant responsable de tout dommage ou perte, direct ou indirect, pouvant r\u00e9sulter de la violation de cette obligation. Dans le cas o\u00f9 les donn\u00e9es fournies appartiendraient \u00e0 un tiers, l&rsquo;Utilisateur et\/ou le Client garantit avoir inform\u00e9 ledit tiers des aspects contenus dans ce document et obtenu son autorisation de fournir ses donn\u00e9es \u00e0 <b> S.A.T. N\u00ba 9.732 ESANA <\/b> aux fins indiqu\u00e9es.<\/p>\n<p>Le Portail peut h\u00e9berger des blogs, des forums et d&rsquo;autres applications ou services de r\u00e9seaux sociaux afin de faciliter l&rsquo;\u00e9change de connaissances et de contenus. Toute information personnelle fournie par l&rsquo;utilisateur peut \u00eatre partag\u00e9e avec d&rsquo;autres utilisateurs de ce service, sur lesquels <b> S.A.T. N\u00ba 9.732 ESANA <\/b> n&rsquo;a aucun contr\u00f4le.<\/p>\n<p>A des fins de s\u00e9curit\u00e9 technique et de diagnostic du syst\u00e8me, de mani\u00e8re anonymis\u00e9e ou pseudonymis\u00e9e, <b> S.A.T. N\u00ba 9.732 ESANA <\/b> peut enregistrer l&rsquo;adresse IP (num\u00e9ro d&rsquo;identification de l&rsquo;acc\u00e8s Internet de l&rsquo;appareil, qui permet aux appareils, syst\u00e8mes et serveurs de se reconna\u00eetre et communiquer entre eux). Ces informations peuvent \u00e9galement \u00eatre utilis\u00e9es \u00e0 des fins d&rsquo;analyse des performances Web.<\/p>\n<p>Conform\u00e9ment aux dispositions de la r\u00e9glementation applicable en mati\u00e8re de protection des donn\u00e9es personnelles, l&rsquo;Utilisateur et\/ou Client de <b> S.A.T. N\u00ba 9.732 ESANA <\/b> est inform\u00e9 de ce qui suit :<\/p>\n<h3>Responsable du traitement<\/h3>\n<p>Le Responsable du Traitement des donn\u00e9es fournies volontairement par l&rsquo;utilisateur est :<\/p>\n<p><b> S.A.T. N\u00ba 9.732 ESANA S.L&nbsp;<\/b><\/p>\n<p><b>CIF <\/b> : F50638337<\/p>\n<p><b> ADRESSE <\/b> : Cmno Pantano s\/n, Sancho Abarca, Tauste (Zaragoza), Espa\u00f1a.<\/p>\n<h3>Finalit\u00e9s du traitement des donn\u00e9es personnelles<\/h3>\n<p>Les donn\u00e9es personnelles fournies volontairement par l&rsquo;utilisateur seront int\u00e9gr\u00e9es dans les dossiers de traitement appartenant \u00e0 <b> S.A.T. N\u00ba 9.732 ESANA <\/b> avec les finalit\u00e9s suivantes :<\/p>\n<ul>\n<li>Le traitement et la gestion de la demande d&rsquo;information et\/ou de conseil, effectu\u00e9s par l&rsquo;Utilisateur et\/ou le Client via ce site, le t\u00e9l\u00e9phone, ou l&#8217;email.<\/li>\n<li>La gestion et le contr\u00f4le des services propos\u00e9s via le site Web, par t\u00e9l\u00e9phone ou par courrier \u00e9lectronique, li\u00e9s au conseil et \u00e0 la fourniture de services<\/li>\n<li>Envoi d&rsquo;informations commerciales sur les services et produits <b> S.A.T. N\u00ba 9.732 ESANA <\/b> dont la contractualisation pourrait int\u00e9resser l&rsquo;utilisateur, \u00e0 condition qu&rsquo;il l&rsquo;ait express\u00e9ment accept\u00e9.<\/li>\n<li>G\u00e9rer les utilisateurs du site Web<\/li>\n<li>Fournir les services inclus dans le site Web et\/ou fournir les informations demand\u00e9es, soit via le Web, par e-mail ou par t\u00e9l\u00e9phone. Les e-mails peuvent signaler une confirmation de leur r\u00e9ception et de leur lecture.<\/li>\n<li>G\u00e9rer la relation contractuelle ou commerciale \u00e9tablie entre <b> S.A.T. N\u00ba 9.732 ESANA <\/b> et les Utilisateurs et\/ou Clients.<\/li>\n<li>G\u00e9rer le respect des obligations contractuelles ou non contractuelles assum\u00e9es par <b> S.A.T. N\u00ba 9.732 ESANA <\/b><\/li>\n<li>G\u00e9rer et maintenir un enregistrement unique des Clients, dans le syst\u00e8me promotionnel <b> S.A.T. N\u00ba 9.732 ESANA <\/b> au cas o\u00f9 cela aurait \u00e9t\u00e9 express\u00e9ment accept\u00e9<\/li>\n<li>Dans les cas o\u00f9 l&rsquo;utilisateur y consent express\u00e9ment, envoyer des communications publicitaires et des informations commerciales sur <b> S.A.T. N\u00ba 9.732 ESANA <\/b> sur ses activit\u00e9s, produits, services, offres, concours, promotions sp\u00e9ciales, ainsi que de la documentation de nature diverse pouvant pr\u00e9senter un int\u00e9r\u00eat ou une utilit\u00e9 pour l&rsquo;Utilisateur et\/ou le Client<\/li>\n<\/ul>\n<p>De m\u00eame, dans chaque processus o\u00f9 l&rsquo;utilisateur fournit ses donn\u00e9es personnelles, il sera inform\u00e9 du caract\u00e8re obligatoire ou facultatif de leur compl\u00e9tion et des cons\u00e9quences de leur non-fourniture.<\/p>\n<h3>Informations sur le traitement des donn\u00e9es pour l&rsquo;envoi de communications<\/h3>\n<p>Les donn\u00e9es utilis\u00e9es ou fournies dans les communications informatives et\/ou promotionnelles sont trait\u00e9es par <b> S.A.T. N\u00ba 9.732 ESANA <\/b> \u00e0 des fins consistant \u00e0 envoyer des communications \u00e9lectroniques \u00e0 caract\u00e8re informatif sur les services, activit\u00e9s, publications, c\u00e9l\u00e9brations et \u00e9v\u00e9nements sociaux et <b> S.A.T. N\u00ba 9.732 ESANA <\/b> professionnels susceptibles d&rsquo;int\u00e9resser l&rsquo;Utilisateur et\/ou le Client ; le suivi et l&rsquo;optimisation des campagnes marketing seront effectu\u00e9s \u00e0 l&rsquo;aide de technologies \u00e0 cet effet.<\/p>\n<p>Le consentement \u00e0 l&rsquo;envoi desdites communications peut \u00eatre r\u00e9voqu\u00e9 \u00e0 tout moment dans chacune des communications re\u00e7ues par le biais du m\u00e9canisme habilit\u00e9 \u00e0 cet effet.<\/p>\n<p>Le crit\u00e8re de conservation des donn\u00e9es sera bas\u00e9 sur la manifestation contraire au traitement de votre part. Dans tous les cas, les droits d&rsquo;acc\u00e8s, de rectification ou de suppression, de limitation de traitement, d&rsquo;opposition et de portabilit\u00e9 peuvent \u00eatre exerc\u00e9s par courrier \u00e9lectronique \u00e0 administracion@satesana.es<\/p>\n<h3>Donn\u00e9es personnelles de tiers<\/h3>\n<p>Dans le cas de donn\u00e9es personnelles fournies par une personne autre que l&rsquo;utilisateur ou le propri\u00e9taire des donn\u00e9es qui agit en tant que leur repr\u00e9sentant, ledit repr\u00e9sentant garantit qu&rsquo;il a inform\u00e9 le propri\u00e9taire des donn\u00e9es qu&rsquo;il fournit de la pr\u00e9sente politique de confidentialit\u00e9 et qu&rsquo;il a obtenu son autorisation de fournir vos donn\u00e9es \u00e0 <b> S.A.T. N\u00ba 9.732 ESANA <\/b> aux fins indiqu\u00e9es. Il garantit \u00e9galement que les donn\u00e9es fournies sont exactes et \u00e0 jour, \u00e9tant responsable de tout dommage ou perte, direct ou indirect, pouvant r\u00e9sulter de la violation de cette obligation.<\/p>\n<h3>Dur\u00e9e de conservation des donn\u00e9es personnelles<\/h3>\n<p>Les donn\u00e9es personnelles fournies seront conserv\u00e9es aussi longtemps que la relation contractuelle sera maintenue, leur suppression n&rsquo;est pas demand\u00e9e par l&rsquo;int\u00e9ress\u00e9 et ne doit pas \u00eatre \u00e9limin\u00e9e car elle est n\u00e9cessaire \u00e0 l&rsquo;accomplissement d&rsquo;une obligation l\u00e9gale, \u00e0 la formulation, \u00e0 l&rsquo;exercice et \u00e0 la d\u00e9fense de r\u00e9clamations, ou lorsqu&rsquo;elle n\u00e9cessite sa conservation pour permettre l&rsquo;application de tout avantage, remise ou avantage promotionnel pour le client.<\/p>\n<p>En caso de que el usuario revoque su consentimiento al tratamiento de sus datos o ejercite los derechos de cancelaci\u00f3n o supresi\u00f3n, sus datos personales se conservar\u00e1n bloqueados a disposici\u00f3n de la Administraci\u00f3n de Justicia durante los plazos establecidos legalmente para atender a las posibles responsabilidades nacidas del tratamiento les m\u00eames.<\/p>\n<h3>L\u00e9gitimation pour le traitement des donn\u00e9es personnelles<\/h3>\n<p><b> S.A.T. N\u00ba 9.732 ESANA <\/b> est autoris\u00e9 \u00e0 effectuer le traitement des donn\u00e9es personnelles sur la base que :<\/p>\n<ul>\n<li>L&rsquo;Utilisateur et\/ou le Client ont donn\u00e9 leur consentement explicite pour les finalit\u00e9s d\u00e9crites \u00e0 la section 2 de la pr\u00e9sente Politique qui n\u00e9cessitent le traitement des donn\u00e9es de l&rsquo;Utilisateur et\/ou du Client<\/li>\n<li>L&rsquo;Utilisateur et\/ou Client a fourni ses donn\u00e9es personnelles dans le cadre d&rsquo;une relation contractuelle ou pr\u00e9contractuelle pour r\u00e9pondre \u00e0 sa demande de gestion de services li\u00e9s \u00e0 ses produits<\/li>\n<li>L&rsquo;Utilisateur et\/ou le Client a donn\u00e9 son consentement \u00e9clair\u00e9 pour envoyer des communications commerciales relatives aux produits et\/ou services <b> S.A.T. N\u00ba 9.732 ESANA <\/b> susceptibles d&rsquo;int\u00e9resser l&rsquo;Utilisateur et\/ou le Client, pour l&rsquo;installation de des syst\u00e8mes de surveillance qui informent sur les habitudes de navigation conform\u00e9ment \u00e0 la politique de cookies, ou pour l&rsquo;envoi des informations requises via les formulaires de contact.<\/li>\n<\/ul>\n<p>Il existe des obligations l\u00e9gales qui exigent le traitement des donn\u00e9es personnelles, conform\u00e9ment aux services fournis.<\/p>\n<p>La base l\u00e9gale pour le traitement des donn\u00e9es personnelles des Utilisateurs et\/ou Clients par <b> S.A.T. N\u00ba 9.732 ESANA <\/b> r\u00e9side dans les lettres a), b) et c) du num\u00e9ro 1 de l&rsquo;article 6 du R\u00e8glement (UE) 2016\/679, du 27 avril et la loi organique relative \u00e0 la protection des donn\u00e9es et \u00e0 la garantie des droits num\u00e9riques (LOPD GDD) de 2018.<\/p>\n<h3>Cat\u00e9gories de destinataires<\/h3>\n<p>Les donn\u00e9es personnelles des Utilisateurs et\/ou Clients de <b> S.A.T. N\u00ba 9.732 ESANA <\/b> pourront \u00eatre communiqu\u00e9es aux cat\u00e9gories d&rsquo;int\u00e9ress\u00e9s suivantes :<\/p>\n<ul>\n<li>Entit\u00e9s avec lesquelles elle a des accords de collaboration pour permettre l&rsquo;ex\u00e9cution et la bonne ex\u00e9cution du contrat sign\u00e9 par lesdits utilisateurs et\/ou clients.<\/li>\n<li>Agences avec lesquelles <b> S.A.T. N\u00ba 9.732 ESANA <\/b> a des accords de collaboration pour permettre l&rsquo;ex\u00e9cution et la bonne ex\u00e9cution du contrat susmentionn\u00e9.<\/li>\n<li>Entit\u00e9s d&rsquo;assurance avec lesquelles <b> S.A.T. N\u00ba 9.732 ESANA <\/b> a des accords de collaboration pour permettre l&rsquo;ex\u00e9cution et la bonne conformit\u00e9 des contrats d&rsquo;assurance obligatoires.<\/li>\n<li>Entit\u00e9s financi\u00e8res, avec lesquelles <b> S.A.T. N\u00ba 9.732 ESANA <\/b> a des accords de collaboration pour permettre l&rsquo;ex\u00e9cution et la bonne ex\u00e9cution du contrat correspondant.<\/li>\n<li>Fournisseurs de services informatiques<\/li>\n<li>Administrations et organismes publics, pour l&rsquo;ex\u00e9cution des obligations directement applicables \u00e0 <b> S.A.T. N\u00ba 9.732 ESANA <\/b> et\/ou lorsque l&rsquo;autorisation l\u00e9gale correspondante existe.<\/li>\n<\/ul>\n<h3>Virements internationaux<\/h3>\n<p>Actuellement, <b> S.A.T. N\u00ba 9.732 ESANA <\/b> n&rsquo;effectue pas de transferts de donn\u00e9es internationaux.<\/p>\n<h3>Droits des int\u00e9ress\u00e9s<\/h3>\n<p>L&rsquo;Utilisateur et\/ou le Client peuvent exercer aupr\u00e8s de <b> S.A.T. N\u00ba 9.732 ESANA <\/b> les droits d&rsquo;acc\u00e8s, de rectification ou de suppression, de limitation de leur traitement, d&rsquo;opposition, de portabilit\u00e9, et de s&rsquo;opposer aux d\u00e9cisions individuelles automatis\u00e9es. De m\u00eame, ils peuvent r\u00e9voquer leur consentement s&rsquo;ils l&rsquo;ont accord\u00e9 dans un but pr\u00e9cis, pouvant modifier leurs pr\u00e9f\u00e9rences \u00e0 tout moment.<\/p>\n<p>L&rsquo;Utilisateur et\/ou le Client peuvent exercer l&rsquo;un des droits signal\u00e9s au paragraphe pr\u00e9c\u00e9dent, en envoyant un courrier \u00e9lectronique indiquant le droit qu&rsquo;ils exercent adress\u00e9 \u00e0 l&rsquo;adresse <b> S.A.T. N\u00ba 9.732 ESANA <\/b> : <a href=\"mailto: administracion@satesana.es\"> administracion@satesana.es <\/a><\/p>\n<p>L&rsquo;utilisateur et \/ ou le client est inform\u00e9 qu&rsquo;il peut adresser tout type de r\u00e9clamation concernant la protection des donn\u00e9es personnelles \u00e0 l&rsquo;Agence espagnole de protection des donn\u00e9es www.agpd.es, autorit\u00e9 de contr\u00f4le de l&rsquo;\u00c9tat espagnol.<\/p>\n<h3>Mise \u00e0 jour de la politique<\/h3>\n<p>Cette politique a \u00e9t\u00e9 mise \u00e0 jour conform\u00e9ment aux exigences de la r\u00e9glementation communautaire pour la protection des donn\u00e9es personnelles, le r\u00e8glement g\u00e9n\u00e9ral sur la protection des donn\u00e9es (RGPD) et la loi organique sur la protection des donn\u00e9es et la garantie des droits num\u00e9riques (LOPD GDD)<\/p>\n<p>De m\u00eame, il est signal\u00e9 que cette politique peut \u00eatre modifi\u00e9e en raison de changements dans les exigences \u00e9tablies par la l\u00e9gislation en vigueur \u00e0 tout moment, par des d\u00e9cisions judiciaires et des changements jurisprudentiels, ainsi que par des changements dans l&rsquo;action et la strat\u00e9gie de <b> S.A.T. N\u00ba 9.732 ESANA <\/b>. La publication et l&rsquo;acc\u00e8s par les utilisateurs se feront via ce m\u00eame site, \u00e9tant entendu que les relations \u00e9tablies avec eux pr\u00e9alablement au changement seront r\u00e9gies par les r\u00e8gles pr\u00e9vues au moment de l&rsquo;acc\u00e8s au site pour leur \u00e9tablissement.<\/p>\t\t\t\t\t\t\t\t<\/div>\n\t\t\t\t<\/div>\n\t\t\t\t\t<\/div>\n\t\t<\/div>\n\t\t\t\t\t<\/div>\n\t\t<\/section>\n\t\t\t\t<\/div>\n\t\t","protected":false},"excerpt":{"rendered":"<p>Politique de confidentialit\u00e9 S.A.T. N\u00ba 9.732 ESANA dans son engagement pour la Protection des Donn\u00e9es Personnelles de ses clients, et [&hellip;]<\/p>\n","protected":false},"author":9,"featured_media":0,"parent":0,"menu_order":0,"comment_status":"closed","ping_status":"closed","template":"","meta":{"_genesis_hide_title":false,"_genesis_hide_breadcrumbs":false,"_genesis_hide_singular_image":false,"_genesis_hide_footer_widgets":false,"_genesis_custom_body_class":"legal","_genesis_custom_post_class":"","_genesis_layout":"","footnotes":""},"class_list":{"0":"post-3","1":"page","2":"type-page","3":"status-publish","5":"entry","6":"one-half"},"yoast_head":"<!-- This site is optimized with the Yoast SEO plugin v26.8 - https:\/\/yoast.com\/product\/yoast-seo-wordpress\/ -->\n<title>Politique de confidentialit\u00e9 - SAT ESANA FR<\/title>\n<meta name=\"robots\" content=\"noindex, nofollow\" \/>\n<meta property=\"og:locale\" content=\"fr_FR\" \/>\n<meta property=\"og:type\" content=\"article\" \/>\n<meta property=\"og:title\" content=\"Politique de confidentialit\u00e9 - SAT ESANA FR\" \/>\n<meta property=\"og:description\" content=\"Politique de confidentialit\u00e9 S.A.T. N\u00ba 9.732 ESANA dans son engagement pour la Protection des Donn\u00e9es Personnelles de ses clients, et [&hellip;]\" \/>\n<meta property=\"og:url\" content=\"https:\/\/satesana.es\/fr\/politique-de-confidentialite\/\" \/>\n<meta property=\"og:site_name\" content=\"SAT ESANA FR\" \/>\n<meta property=\"article:modified_time\" content=\"2023-03-21T12:02:17+00:00\" \/>\n<meta name=\"twitter:card\" content=\"summary_large_image\" \/>\n<meta name=\"twitter:label1\" content=\"Dur\u00e9e de lecture estim\u00e9e\" \/>\n\t<meta name=\"twitter:data1\" content=\"9 minutes\" \/>\n<script type=\"application\/ld+json\" class=\"yoast-schema-graph\">{\"@context\":\"https:\/\/schema.org\",\"@graph\":[{\"@type\":\"WebPage\",\"@id\":\"https:\/\/satesana.es\/fr\/politique-de-confidentialite\/\",\"url\":\"https:\/\/satesana.es\/fr\/politique-de-confidentialite\/\",\"name\":\"Politique de confidentialit\u00e9 - SAT ESANA FR\",\"isPartOf\":{\"@id\":\"https:\/\/satesana.es\/fr\/#website\"},\"datePublished\":\"2018-08-31T07:20:41+00:00\",\"dateModified\":\"2023-03-21T12:02:17+00:00\",\"breadcrumb\":{\"@id\":\"https:\/\/satesana.es\/fr\/politique-de-confidentialite\/#breadcrumb\"},\"inLanguage\":\"fr-FR\",\"potentialAction\":[{\"@type\":\"ReadAction\",\"target\":[\"https:\/\/satesana.es\/fr\/politique-de-confidentialite\/\"]}]},{\"@type\":\"BreadcrumbList\",\"@id\":\"https:\/\/satesana.es\/fr\/politique-de-confidentialite\/#breadcrumb\",\"itemListElement\":[{\"@type\":\"ListItem\",\"position\":1,\"name\":\"Portada\",\"item\":\"https:\/\/satesana.es\/fr\/\"},{\"@type\":\"ListItem\",\"position\":2,\"name\":\"Politique de confidentialit\u00e9\"}]},{\"@type\":\"WebSite\",\"@id\":\"https:\/\/satesana.es\/fr\/#website\",\"url\":\"https:\/\/satesana.es\/fr\/\",\"name\":\"SAT ESANA FR\",\"description\":\"SAT ESANA\",\"publisher\":{\"@id\":\"https:\/\/satesana.es\/fr\/#organization\"},\"alternateName\":\"SAT ESANA\",\"potentialAction\":[{\"@type\":\"SearchAction\",\"target\":{\"@type\":\"EntryPoint\",\"urlTemplate\":\"https:\/\/satesana.es\/fr\/?s={search_term_string}\"},\"query-input\":{\"@type\":\"PropertyValueSpecification\",\"valueRequired\":true,\"valueName\":\"search_term_string\"}}],\"inLanguage\":\"fr-FR\"},{\"@type\":\"Organization\",\"@id\":\"https:\/\/satesana.es\/fr\/#organization\",\"name\":\"SAT Esana\",\"alternateName\":\"SAT Esana\",\"url\":\"https:\/\/satesana.es\/fr\/\",\"logo\":{\"@type\":\"ImageObject\",\"inLanguage\":\"fr-FR\",\"@id\":\"https:\/\/satesana.es\/fr\/#\/schema\/logo\/image\/\",\"url\":\"https:\/\/satesana.es\/fr\/wp-content\/uploads\/sites\/3\/2023\/01\/logo.png\",\"contentUrl\":\"https:\/\/satesana.es\/fr\/wp-content\/uploads\/sites\/3\/2023\/01\/logo.png\",\"width\":211,\"height\":67,\"caption\":\"SAT Esana\"},\"image\":{\"@id\":\"https:\/\/satesana.es\/fr\/#\/schema\/logo\/image\/\"}}]}<\/script>\n<!-- \/ Yoast SEO plugin. -->","yoast_head_json":{"title":"Politique de confidentialit\u00e9 - SAT ESANA FR","robots":{"index":"noindex","follow":"nofollow"},"og_locale":"fr_FR","og_type":"article","og_title":"Politique de confidentialit\u00e9 - SAT ESANA FR","og_description":"Politique de confidentialit\u00e9 S.A.T. N\u00ba 9.732 ESANA dans son engagement pour la Protection des Donn\u00e9es Personnelles de ses clients, et [&hellip;]","og_url":"https:\/\/satesana.es\/fr\/politique-de-confidentialite\/","og_site_name":"SAT ESANA FR","article_modified_time":"2023-03-21T12:02:17+00:00","twitter_card":"summary_large_image","twitter_misc":{"Dur\u00e9e de lecture estim\u00e9e":"9 minutes"},"schema":{"@context":"https:\/\/schema.org","@graph":[{"@type":"WebPage","@id":"https:\/\/satesana.es\/fr\/politique-de-confidentialite\/","url":"https:\/\/satesana.es\/fr\/politique-de-confidentialite\/","name":"Politique de confidentialit\u00e9 - SAT ESANA FR","isPartOf":{"@id":"https:\/\/satesana.es\/fr\/#website"},"datePublished":"2018-08-31T07:20:41+00:00","dateModified":"2023-03-21T12:02:17+00:00","breadcrumb":{"@id":"https:\/\/satesana.es\/fr\/politique-de-confidentialite\/#breadcrumb"},"inLanguage":"fr-FR","potentialAction":[{"@type":"ReadAction","target":["https:\/\/satesana.es\/fr\/politique-de-confidentialite\/"]}]},{"@type":"BreadcrumbList","@id":"https:\/\/satesana.es\/fr\/politique-de-confidentialite\/#breadcrumb","itemListElement":[{"@type":"ListItem","position":1,"name":"Portada","item":"https:\/\/satesana.es\/fr\/"},{"@type":"ListItem","position":2,"name":"Politique de confidentialit\u00e9"}]},{"@type":"WebSite","@id":"https:\/\/satesana.es\/fr\/#website","url":"https:\/\/satesana.es\/fr\/","name":"SAT ESANA FR","description":"SAT ESANA","publisher":{"@id":"https:\/\/satesana.es\/fr\/#organization"},"alternateName":"SAT ESANA","potentialAction":[{"@type":"SearchAction","target":{"@type":"EntryPoint","urlTemplate":"https:\/\/satesana.es\/fr\/?s={search_term_string}"},"query-input":{"@type":"PropertyValueSpecification","valueRequired":true,"valueName":"search_term_string"}}],"inLanguage":"fr-FR"},{"@type":"Organization","@id":"https:\/\/satesana.es\/fr\/#organization","name":"SAT Esana","alternateName":"SAT Esana","url":"https:\/\/satesana.es\/fr\/","logo":{"@type":"ImageObject","inLanguage":"fr-FR","@id":"https:\/\/satesana.es\/fr\/#\/schema\/logo\/image\/","url":"https:\/\/satesana.es\/fr\/wp-content\/uploads\/sites\/3\/2023\/01\/logo.png","contentUrl":"https:\/\/satesana.es\/fr\/wp-content\/uploads\/sites\/3\/2023\/01\/logo.png","width":211,"height":67,"caption":"SAT Esana"},"image":{"@id":"https:\/\/satesana.es\/fr\/#\/schema\/logo\/image\/"}}]}},"_links":{"self":[{"href":"https:\/\/satesana.es\/fr\/wp-json\/wp\/v2\/pages\/3","targetHints":{"allow":["GET"]}}],"collection":[{"href":"https:\/\/satesana.es\/fr\/wp-json\/wp\/v2\/pages"}],"about":[{"href":"https:\/\/satesana.es\/fr\/wp-json\/wp\/v2\/types\/page"}],"author":[{"embeddable":true,"href":"https:\/\/satesana.es\/fr\/wp-json\/wp\/v2\/users\/9"}],"replies":[{"embeddable":true,"href":"https:\/\/satesana.es\/fr\/wp-json\/wp\/v2\/comments?post=3"}],"version-history":[{"count":57,"href":"https:\/\/satesana.es\/fr\/wp-json\/wp\/v2\/pages\/3\/revisions"}],"predecessor-version":[{"id":6753,"href":"https:\/\/satesana.es\/fr\/wp-json\/wp\/v2\/pages\/3\/revisions\/6753"}],"wp:attachment":[{"href":"https:\/\/satesana.es\/fr\/wp-json\/wp\/v2\/media?parent=3"}],"curies":[{"name":"wp","href":"https:\/\/api.w.org\/{rel}","templated":true}]}}