{"id":1510,"date":"2022-11-21T12:28:18","date_gmt":"2022-11-21T11:28:18","guid":{"rendered":"https:\/\/satesana.es\/fr\/?page_id=1510"},"modified":"2023-11-13T08:07:33","modified_gmt":"2023-11-13T07:07:33","slug":"production-vente-amandes","status":"publish","type":"page","link":"https:\/\/satesana.es\/fr\/production-vente-amandes\/","title":{"rendered":"Production et vente des amandes"},"content":{"rendered":"\t\t<div data-elementor-type=\"wp-page\" data-elementor-id=\"1510\" class=\"elementor elementor-1510\">\n\t\t\t\t\t\t<section class=\"elementor-section elementor-top-section elementor-element elementor-element-f4f6f50 nopadding elementor-section-boxed elementor-section-height-default elementor-section-height-default\" data-id=\"f4f6f50\" data-element_type=\"section\">\n\t\t\t\t\t\t<div class=\"elementor-container elementor-column-gap-default\">\n\t\t\t\t\t<div class=\"elementor-column elementor-col-100 elementor-top-column elementor-element elementor-element-b8fea2a\" data-id=\"b8fea2a\" data-element_type=\"column\">\n\t\t\t<div class=\"elementor-widget-wrap elementor-element-populated\">\n\t\t\t\t\t\t<div class=\"elementor-element elementor-element-4e0a792 elementor-widget elementor-widget-heading\" data-id=\"4e0a792\" data-element_type=\"widget\" data-widget_type=\"heading.default\">\n\t\t\t\t<div class=\"elementor-widget-container\">\n\t\t\t\t\t<h1 class=\"elementor-heading-title elementor-size-default\">Production et vente des amandes<\/h1>\t\t\t\t<\/div>\n\t\t\t\t<\/div>\n\t\t\t\t<div class=\"elementor-element elementor-element-bbe95c5 elementor-widget elementor-widget-text-editor\" data-id=\"bbe95c5\" data-element_type=\"widget\" data-widget_type=\"text-editor.default\">\n\t\t\t\t<div class=\"elementor-widget-container\">\n\t\t\t\t\t\t\t\t\t<div class=\"wpb_column vc_column_container vc_col-sm-5\"><div class=\"vc_column-inner \"><div class=\"wpb_wrapper\"><div class=\"wpb_text_column wpb_content_element \"><div class=\"wpb_wrapper\"><p><strong>L&rsquo;amande<\/strong> provient de l&rsquo;arbre appartenant \u00e0 la famille des Rosac\u00e9es et \u00e0 l&rsquo;esp\u00e8ce Prunus communis ou P. amygdalus, commun\u00e9ment appel\u00e9 amandier. Il peut atteindre jusqu&rsquo;\u00e0 5 m de hauteur, bien qu&rsquo;il ne soit g\u00e9n\u00e9ralement pas tr\u00e8s vigoureux.<br \/>Les <strong>amandes<\/strong> sont riches en \u00e9nergie, en prot\u00e9ines, en min\u00e9raux, en vitamines et en fibres. En outre, la plupart des graisses qu&rsquo;elles contiennent sont insatur\u00e9es et r\u00e9duisent le taux de cholest\u00e9rol dans le sang.<\/p><\/div><\/div><\/div><\/div><\/div>\t\t\t\t\t\t\t\t<\/div>\n\t\t\t\t<\/div>\n\t\t\t\t\t<\/div>\n\t\t<\/div>\n\t\t\t\t\t<\/div>\n\t\t<\/section>\n\t\t\t\t<section class=\"elementor-section elementor-top-section elementor-element elementor-element-831c582 nopaddingtop elementor-section-boxed elementor-section-height-default elementor-section-height-default\" data-id=\"831c582\" data-element_type=\"section\">\n\t\t\t\t\t\t<div class=\"elementor-container elementor-column-gap-default\">\n\t\t\t\t\t<div class=\"elementor-column elementor-col-33 elementor-top-column elementor-element elementor-element-7027065\" data-id=\"7027065\" data-element_type=\"column\">\n\t\t\t<div class=\"elementor-widget-wrap elementor-element-populated\">\n\t\t\t\t\t\t<div class=\"elementor-element elementor-element-5eafad5 elementor-position-top elementor-widget elementor-widget-image-box\" data-id=\"5eafad5\" data-element_type=\"widget\" data-widget_type=\"image-box.default\">\n\t\t\t\t<div class=\"elementor-widget-container\">\n\t\t\t\t\t<div class=\"elementor-image-box-wrapper\"><figure class=\"elementor-image-box-img\"><img fetchpriority=\"high\" decoding=\"async\" width=\"2560\" height=\"1707\" src=\"https:\/\/satesana.es\/fr\/wp-content\/uploads\/sites\/3\/2022\/12\/ESANA-1260-scaled.jpg\" class=\"attachment-full size-full wp-image-2934\" alt=\"\" srcset=\"https:\/\/satesana.es\/fr\/wp-content\/uploads\/sites\/3\/2022\/12\/ESANA-1260-scaled.jpg 2560w, https:\/\/satesana.es\/fr\/wp-content\/uploads\/sites\/3\/2022\/12\/ESANA-1260-300x200.jpg 300w, https:\/\/satesana.es\/fr\/wp-content\/uploads\/sites\/3\/2022\/12\/ESANA-1260-1024x683.jpg 1024w, https:\/\/satesana.es\/fr\/wp-content\/uploads\/sites\/3\/2022\/12\/ESANA-1260-768x512.jpg 768w, https:\/\/satesana.es\/fr\/wp-content\/uploads\/sites\/3\/2022\/12\/ESANA-1260-1536x1024.jpg 1536w, https:\/\/satesana.es\/fr\/wp-content\/uploads\/sites\/3\/2022\/12\/ESANA-1260-2048x1365.jpg 2048w\" sizes=\"(max-width: 2560px) 100vw, 2560px\" \/><\/figure><div class=\"elementor-image-box-content\"><h2 class=\"elementor-image-box-title\">Amandes Guara<\/h2><p class=\"elementor-image-box-description\">L'amande de Guara est tr\u00e8s appr\u00e9ci\u00e9e en confiserie en Espagne et dans d'autres pays, car elle est parfaite pour les desserts en raison de sa douceur caract\u00e9ristique. <\/p><\/div><\/div>\t\t\t\t<\/div>\n\t\t\t\t<\/div>\n\t\t\t\t<div class=\"elementor-element elementor-element-9c0ec36 elementor-align-center elementor-hidden-desktop elementor-hidden-tablet elementor-hidden-mobile elementor-widget elementor-widget-button\" data-id=\"9c0ec36\" data-element_type=\"widget\" data-widget_type=\"button.default\">\n\t\t\t\t<div class=\"elementor-widget-container\">\n\t\t\t\t\t\t\t\t\t<div class=\"elementor-button-wrapper\">\n\t\t\t\t\t<a class=\"elementor-button elementor-button-link elementor-size-sm\" href=\"\/producto\/alfalfa\/\">\n\t\t\t\t\t\t<span class=\"elementor-button-content-wrapper\">\n\t\t\t\t\t\t\t\t\t<span class=\"elementor-button-text\">m\u00e1s informaci\u00f3n<\/span>\n\t\t\t\t\t<\/span>\n\t\t\t\t\t<\/a>\n\t\t\t\t<\/div>\n\t\t\t\t\t\t\t\t<\/div>\n\t\t\t\t<\/div>\n\t\t\t\t\t<\/div>\n\t\t<\/div>\n\t\t\t\t<div class=\"elementor-column elementor-col-33 elementor-top-column elementor-element elementor-element-ac2530d\" data-id=\"ac2530d\" data-element_type=\"column\">\n\t\t\t<div class=\"elementor-widget-wrap elementor-element-populated\">\n\t\t\t\t\t\t<div class=\"elementor-element elementor-element-7307ac8 elementor-position-top elementor-widget elementor-widget-image-box\" data-id=\"7307ac8\" data-element_type=\"widget\" data-widget_type=\"image-box.default\">\n\t\t\t\t<div class=\"elementor-widget-container\">\n\t\t\t\t\t<div class=\"elementor-image-box-wrapper\"><figure class=\"elementor-image-box-img\"><img decoding=\"async\" width=\"2560\" height=\"1707\" src=\"https:\/\/satesana.es\/fr\/wp-content\/uploads\/sites\/3\/2022\/12\/ESANA-0507-scaled.jpg\" class=\"attachment-full size-full wp-image-2935\" alt=\"\" srcset=\"https:\/\/satesana.es\/fr\/wp-content\/uploads\/sites\/3\/2022\/12\/ESANA-0507-scaled.jpg 2560w, https:\/\/satesana.es\/fr\/wp-content\/uploads\/sites\/3\/2022\/12\/ESANA-0507-300x200.jpg 300w, https:\/\/satesana.es\/fr\/wp-content\/uploads\/sites\/3\/2022\/12\/ESANA-0507-1024x683.jpg 1024w, https:\/\/satesana.es\/fr\/wp-content\/uploads\/sites\/3\/2022\/12\/ESANA-0507-768x512.jpg 768w, https:\/\/satesana.es\/fr\/wp-content\/uploads\/sites\/3\/2022\/12\/ESANA-0507-1536x1024.jpg 1536w, https:\/\/satesana.es\/fr\/wp-content\/uploads\/sites\/3\/2022\/12\/ESANA-0507-2048x1365.jpg 2048w\" sizes=\"(max-width: 2560px) 100vw, 2560px\" \/><\/figure><div class=\"elementor-image-box-content\"><h2 class=\"elementor-image-box-title\">Amandes Vairo<\/h2><p class=\"elementor-image-box-description\">L'amande Vairo a une forme tr\u00e8s attrayante avec un segment lisse, une couleur brun clair particuli\u00e8re et un go\u00fbt tr\u00e8s perceptible.<\/p><\/div><\/div>\t\t\t\t<\/div>\n\t\t\t\t<\/div>\n\t\t\t\t<div class=\"elementor-element elementor-element-6b298b6 elementor-align-center elementor-hidden-desktop elementor-hidden-tablet elementor-hidden-mobile elementor-widget elementor-widget-button\" data-id=\"6b298b6\" data-element_type=\"widget\" data-widget_type=\"button.default\">\n\t\t\t\t<div class=\"elementor-widget-container\">\n\t\t\t\t\t\t\t\t\t<div class=\"elementor-button-wrapper\">\n\t\t\t\t\t<a class=\"elementor-button elementor-button-link elementor-size-sm\" href=\"\/producto\/alfalfa-prensada-cuerda\">\n\t\t\t\t\t\t<span class=\"elementor-button-content-wrapper\">\n\t\t\t\t\t\t\t\t\t<span class=\"elementor-button-text\">m\u00e1s informaci\u00f3n<\/span>\n\t\t\t\t\t<\/span>\n\t\t\t\t\t<\/a>\n\t\t\t\t<\/div>\n\t\t\t\t\t\t\t\t<\/div>\n\t\t\t\t<\/div>\n\t\t\t\t\t<\/div>\n\t\t<\/div>\n\t\t\t\t<div class=\"elementor-column elementor-col-33 elementor-top-column elementor-element elementor-element-f2755dd\" data-id=\"f2755dd\" data-element_type=\"column\">\n\t\t\t<div class=\"elementor-widget-wrap elementor-element-populated\">\n\t\t\t\t\t\t<div class=\"elementor-element elementor-element-01d6f18 elementor-position-top elementor-widget elementor-widget-image-box\" data-id=\"01d6f18\" data-element_type=\"widget\" data-widget_type=\"image-box.default\">\n\t\t\t\t<div class=\"elementor-widget-container\">\n\t\t\t\t\t<div class=\"elementor-image-box-wrapper\"><figure class=\"elementor-image-box-img\"><img decoding=\"async\" width=\"2560\" height=\"1707\" src=\"https:\/\/satesana.es\/fr\/wp-content\/uploads\/sites\/3\/2022\/12\/ESANA-1168-scaled.jpg\" class=\"attachment-full size-full wp-image-2936\" alt=\"\" srcset=\"https:\/\/satesana.es\/fr\/wp-content\/uploads\/sites\/3\/2022\/12\/ESANA-1168-scaled.jpg 2560w, https:\/\/satesana.es\/fr\/wp-content\/uploads\/sites\/3\/2022\/12\/ESANA-1168-300x200.jpg 300w, https:\/\/satesana.es\/fr\/wp-content\/uploads\/sites\/3\/2022\/12\/ESANA-1168-1024x683.jpg 1024w, https:\/\/satesana.es\/fr\/wp-content\/uploads\/sites\/3\/2022\/12\/ESANA-1168-768x512.jpg 768w, https:\/\/satesana.es\/fr\/wp-content\/uploads\/sites\/3\/2022\/12\/ESANA-1168-1536x1024.jpg 1536w, https:\/\/satesana.es\/fr\/wp-content\/uploads\/sites\/3\/2022\/12\/ESANA-1168-2048x1365.jpg 2048w\" sizes=\"(max-width: 2560px) 100vw, 2560px\" \/><\/figure><div class=\"elementor-image-box-content\"><h2 class=\"elementor-image-box-title\">Amandes Belona<\/h2><p class=\"elementor-image-box-description\">L'amande Belona a une forme arrondie, une grosse amande au go\u00fbt tr\u00e8s agr\u00e9able et une teneur \u00e9lev\u00e9e en mati\u00e8res grasses. Elle est utilis\u00e9e dans l'industrie du nougat.<\/p><\/div><\/div>\t\t\t\t<\/div>\n\t\t\t\t<\/div>\n\t\t\t\t<div class=\"elementor-element elementor-element-d74395f elementor-align-center elementor-hidden-desktop elementor-hidden-tablet elementor-hidden-mobile elementor-widget elementor-widget-button\" data-id=\"d74395f\" data-element_type=\"widget\" data-widget_type=\"button.default\">\n\t\t\t\t<div class=\"elementor-widget-container\">\n\t\t\t\t\t\t\t\t\t<div class=\"elementor-button-wrapper\">\n\t\t\t\t\t<a class=\"elementor-button elementor-button-link elementor-size-sm\" href=\"\/producto\/alfalfa-prensada-rafia\/\">\n\t\t\t\t\t\t<span class=\"elementor-button-content-wrapper\">\n\t\t\t\t\t\t\t\t\t<span class=\"elementor-button-text\">m\u00e1s informaci\u00f3n<\/span>\n\t\t\t\t\t<\/span>\n\t\t\t\t\t<\/a>\n\t\t\t\t<\/div>\n\t\t\t\t\t\t\t\t<\/div>\n\t\t\t\t<\/div>\n\t\t\t\t\t<\/div>\n\t\t<\/div>\n\t\t\t\t\t<\/div>\n\t\t<\/section>\n\t\t\t\t<section class=\"elementor-section elementor-top-section elementor-element elementor-element-7b6198a elementor-section-content-bottom elementor-section-stretched bg-grey-light nomarginbottom elementor-section-boxed elementor-section-height-default elementor-section-height-default\" data-id=\"7b6198a\" data-element_type=\"section\" data-settings=\"{&quot;background_background&quot;:&quot;classic&quot;,&quot;stretch_section&quot;:&quot;section-stretched&quot;}\">\n\t\t\t\t\t\t<div class=\"elementor-container elementor-column-gap-default\">\n\t\t\t\t\t<div class=\"elementor-column elementor-col-66 elementor-top-column elementor-element elementor-element-4ac2d7d\" data-id=\"4ac2d7d\" data-element_type=\"column\">\n\t\t\t<div class=\"elementor-widget-wrap elementor-element-populated\">\n\t\t\t\t\t\t<div class=\"elementor-element elementor-element-a389582 elementor-widget elementor-widget-heading\" data-id=\"a389582\" data-element_type=\"widget\" data-widget_type=\"heading.default\">\n\t\t\t\t<div class=\"elementor-widget-container\">\n\t\t\t\t\t<h3 class=\"elementor-heading-title elementor-size-default\">Nous contacter<\/h3>\t\t\t\t<\/div>\n\t\t\t\t<\/div>\n\t\t\t\t<div class=\"elementor-element elementor-element-3355545 elementor-widget elementor-widget-text-editor\" data-id=\"3355545\" data-element_type=\"widget\" data-widget_type=\"text-editor.default\">\n\t\t\t\t<div class=\"elementor-widget-container\">\n\t\t\t\t\t\t\t\t\t<p>Si vous souhaitez obtenir de plus amples informations ou nous parler pour r\u00e9pondre \u00e0 vos questions, n\u2019h\u00e9sitez pas \u00e0 le faire et nous vous r\u00e9pondrons dans les plus brefs d\u00e9lais. Nous vous r\u00e9pondrons dans les plus brefs d\u00e9lais.<\/p>\t\t\t\t\t\t\t\t<\/div>\n\t\t\t\t<\/div>\n\t\t\t\t\t<\/div>\n\t\t<\/div>\n\t\t\t\t<div class=\"elementor-column elementor-col-33 elementor-top-column elementor-element elementor-element-a2eff59\" data-id=\"a2eff59\" data-element_type=\"column\">\n\t\t\t<div class=\"elementor-widget-wrap elementor-element-populated\">\n\t\t\t\t\t\t<div class=\"elementor-element elementor-element-cb1b103 elementor-align-right elementor-tablet-align-left elementor-widget elementor-widget-button\" data-id=\"cb1b103\" data-element_type=\"widget\" data-widget_type=\"button.default\">\n\t\t\t\t<div class=\"elementor-widget-container\">\n\t\t\t\t\t\t\t\t\t<div class=\"elementor-button-wrapper\">\n\t\t\t\t\t<a class=\"elementor-button elementor-button-link elementor-size-sm\" href=\"\/fr\/contact\/\">\n\t\t\t\t\t\t<span class=\"elementor-button-content-wrapper\">\n\t\t\t\t\t\t\t\t\t<span class=\"elementor-button-text\">Nous contacter<\/span>\n\t\t\t\t\t<\/span>\n\t\t\t\t\t<\/a>\n\t\t\t\t<\/div>\n\t\t\t\t\t\t\t\t<\/div>\n\t\t\t\t<\/div>\n\t\t\t\t\t<\/div>\n\t\t<\/div>\n\t\t\t\t\t<\/div>\n\t\t<\/section>\n\t\t\t\t<\/div>\n\t\t","protected":false},"excerpt":{"rendered":"<p>Production et vente des amandes L&rsquo;amande provient de l&rsquo;arbre appartenant \u00e0 la famille des Rosac\u00e9es et \u00e0 l&rsquo;esp\u00e8ce Prunus communis [&hellip;]<\/p>\n","protected":false},"author":9,"featured_media":0,"parent":0,"menu_order":0,"comment_status":"closed","ping_status":"closed","template":"","meta":{"_genesis_hide_title":false,"_genesis_hide_breadcrumbs":false,"_genesis_hide_singular_image":false,"_genesis_hide_footer_widgets":false,"_genesis_custom_body_class":"","_genesis_custom_post_class":"","_genesis_layout":"","footnotes":""},"class_list":{"0":"post-1510","1":"page","2":"type-page","3":"status-publish","5":"entry","6":"has-post-thumbnail","7":"one-half"},"yoast_head":"<!-- This site is optimized with the Yoast SEO plugin v26.8 - https:\/\/yoast.com\/product\/yoast-seo-wordpress\/ -->\n<title>Production et vente des amandes | SAT ESANA<\/title>\n<meta name=\"description\" content=\"Nous sommes les producteurs des meilleures amandes. Culture d&#039;amandes, plantation d&#039;amandiers, production d&#039;amandes, plantation intensive d&#039;amandiers.\" \/>\n<meta name=\"robots\" content=\"index, follow, max-snippet:-1, max-image-preview:large, max-video-preview:-1\" \/>\n<link rel=\"canonical\" href=\"https:\/\/satesana.es\/fr\/production-vente-amandes\/\" \/>\n<meta property=\"og:locale\" content=\"fr_FR\" \/>\n<meta property=\"og:type\" content=\"article\" \/>\n<meta property=\"og:title\" content=\"Production et vente des amandes | SAT ESANA\" \/>\n<meta property=\"og:description\" content=\"Nous sommes les producteurs des meilleures amandes. Culture d&#039;amandes, plantation d&#039;amandiers, production d&#039;amandes, plantation intensive d&#039;amandiers.\" \/>\n<meta property=\"og:url\" content=\"https:\/\/satesana.es\/fr\/production-vente-amandes\/\" \/>\n<meta property=\"og:site_name\" content=\"SAT ESANA FR\" \/>\n<meta property=\"article:modified_time\" content=\"2023-11-13T07:07:33+00:00\" \/>\n<meta property=\"og:image\" content=\"https:\/\/satesana.es\/fr\/wp-content\/uploads\/sites\/3\/2022\/12\/ESANA-1260-scaled.jpg\" \/>\n<meta name=\"twitter:card\" content=\"summary_large_image\" \/>\n<meta name=\"twitter:label1\" content=\"Dur\u00e9e de lecture estim\u00e9e\" \/>\n\t<meta name=\"twitter:data1\" content=\"2 minutes\" \/>\n<script type=\"application\/ld+json\" class=\"yoast-schema-graph\">{\"@context\":\"https:\/\/schema.org\",\"@graph\":[{\"@type\":\"WebPage\",\"@id\":\"https:\/\/satesana.es\/fr\/production-vente-amandes\/\",\"url\":\"https:\/\/satesana.es\/fr\/production-vente-amandes\/\",\"name\":\"Production et vente des amandes | SAT ESANA\",\"isPartOf\":{\"@id\":\"https:\/\/satesana.es\/fr\/#website\"},\"primaryImageOfPage\":{\"@id\":\"https:\/\/satesana.es\/fr\/production-vente-amandes\/#primaryimage\"},\"image\":{\"@id\":\"https:\/\/satesana.es\/fr\/production-vente-amandes\/#primaryimage\"},\"thumbnailUrl\":\"https:\/\/satesana.es\/fr\/wp-content\/uploads\/sites\/3\/2022\/12\/ESANA-1260-scaled.jpg\",\"datePublished\":\"2022-11-21T11:28:18+00:00\",\"dateModified\":\"2023-11-13T07:07:33+00:00\",\"description\":\"Nous sommes les producteurs des meilleures amandes. Culture d'amandes, plantation d'amandiers, production d'amandes, plantation intensive d'amandiers.\",\"breadcrumb\":{\"@id\":\"https:\/\/satesana.es\/fr\/production-vente-amandes\/#breadcrumb\"},\"inLanguage\":\"fr-FR\",\"potentialAction\":[{\"@type\":\"ReadAction\",\"target\":[\"https:\/\/satesana.es\/fr\/production-vente-amandes\/\"]}]},{\"@type\":\"ImageObject\",\"inLanguage\":\"fr-FR\",\"@id\":\"https:\/\/satesana.es\/fr\/production-vente-amandes\/#primaryimage\",\"url\":\"https:\/\/satesana.es\/fr\/wp-content\/uploads\/sites\/3\/2022\/12\/ESANA-1260-scaled.jpg\",\"contentUrl\":\"https:\/\/satesana.es\/fr\/wp-content\/uploads\/sites\/3\/2022\/12\/ESANA-1260-scaled.jpg\",\"width\":2560,\"height\":1707},{\"@type\":\"BreadcrumbList\",\"@id\":\"https:\/\/satesana.es\/fr\/production-vente-amandes\/#breadcrumb\",\"itemListElement\":[{\"@type\":\"ListItem\",\"position\":1,\"name\":\"Portada\",\"item\":\"https:\/\/satesana.es\/fr\/\"},{\"@type\":\"ListItem\",\"position\":2,\"name\":\"Production et vente des amandes\"}]},{\"@type\":\"WebSite\",\"@id\":\"https:\/\/satesana.es\/fr\/#website\",\"url\":\"https:\/\/satesana.es\/fr\/\",\"name\":\"SAT ESANA FR\",\"description\":\"SAT ESANA\",\"publisher\":{\"@id\":\"https:\/\/satesana.es\/fr\/#organization\"},\"alternateName\":\"SAT ESANA\",\"potentialAction\":[{\"@type\":\"SearchAction\",\"target\":{\"@type\":\"EntryPoint\",\"urlTemplate\":\"https:\/\/satesana.es\/fr\/?s={search_term_string}\"},\"query-input\":{\"@type\":\"PropertyValueSpecification\",\"valueRequired\":true,\"valueName\":\"search_term_string\"}}],\"inLanguage\":\"fr-FR\"},{\"@type\":\"Organization\",\"@id\":\"https:\/\/satesana.es\/fr\/#organization\",\"name\":\"SAT Esana\",\"alternateName\":\"SAT Esana\",\"url\":\"https:\/\/satesana.es\/fr\/\",\"logo\":{\"@type\":\"ImageObject\",\"inLanguage\":\"fr-FR\",\"@id\":\"https:\/\/satesana.es\/fr\/#\/schema\/logo\/image\/\",\"url\":\"https:\/\/satesana.es\/fr\/wp-content\/uploads\/sites\/3\/2023\/01\/logo.png\",\"contentUrl\":\"https:\/\/satesana.es\/fr\/wp-content\/uploads\/sites\/3\/2023\/01\/logo.png\",\"width\":211,\"height\":67,\"caption\":\"SAT Esana\"},\"image\":{\"@id\":\"https:\/\/satesana.es\/fr\/#\/schema\/logo\/image\/\"}}]}<\/script>\n<!-- \/ Yoast SEO plugin. -->","yoast_head_json":{"title":"Production et vente des amandes | SAT ESANA","description":"Nous sommes les producteurs des meilleures amandes. Culture d'amandes, plantation d'amandiers, production d'amandes, plantation intensive d'amandiers.","robots":{"index":"index","follow":"follow","max-snippet":"max-snippet:-1","max-image-preview":"max-image-preview:large","max-video-preview":"max-video-preview:-1"},"canonical":"https:\/\/satesana.es\/fr\/production-vente-amandes\/","og_locale":"fr_FR","og_type":"article","og_title":"Production et vente des amandes | SAT ESANA","og_description":"Nous sommes les producteurs des meilleures amandes. Culture d'amandes, plantation d'amandiers, production d'amandes, plantation intensive d'amandiers.","og_url":"https:\/\/satesana.es\/fr\/production-vente-amandes\/","og_site_name":"SAT ESANA FR","article_modified_time":"2023-11-13T07:07:33+00:00","og_image":[{"url":"https:\/\/satesana.es\/fr\/wp-content\/uploads\/sites\/3\/2022\/12\/ESANA-1260-scaled.jpg","type":"","width":"","height":""}],"twitter_card":"summary_large_image","twitter_misc":{"Dur\u00e9e de lecture estim\u00e9e":"2 minutes"},"schema":{"@context":"https:\/\/schema.org","@graph":[{"@type":"WebPage","@id":"https:\/\/satesana.es\/fr\/production-vente-amandes\/","url":"https:\/\/satesana.es\/fr\/production-vente-amandes\/","name":"Production et vente des amandes | SAT ESANA","isPartOf":{"@id":"https:\/\/satesana.es\/fr\/#website"},"primaryImageOfPage":{"@id":"https:\/\/satesana.es\/fr\/production-vente-amandes\/#primaryimage"},"image":{"@id":"https:\/\/satesana.es\/fr\/production-vente-amandes\/#primaryimage"},"thumbnailUrl":"https:\/\/satesana.es\/fr\/wp-content\/uploads\/sites\/3\/2022\/12\/ESANA-1260-scaled.jpg","datePublished":"2022-11-21T11:28:18+00:00","dateModified":"2023-11-13T07:07:33+00:00","description":"Nous sommes les producteurs des meilleures amandes. Culture d'amandes, plantation d'amandiers, production d'amandes, plantation intensive d'amandiers.","breadcrumb":{"@id":"https:\/\/satesana.es\/fr\/production-vente-amandes\/#breadcrumb"},"inLanguage":"fr-FR","potentialAction":[{"@type":"ReadAction","target":["https:\/\/satesana.es\/fr\/production-vente-amandes\/"]}]},{"@type":"ImageObject","inLanguage":"fr-FR","@id":"https:\/\/satesana.es\/fr\/production-vente-amandes\/#primaryimage","url":"https:\/\/satesana.es\/fr\/wp-content\/uploads\/sites\/3\/2022\/12\/ESANA-1260-scaled.jpg","contentUrl":"https:\/\/satesana.es\/fr\/wp-content\/uploads\/sites\/3\/2022\/12\/ESANA-1260-scaled.jpg","width":2560,"height":1707},{"@type":"BreadcrumbList","@id":"https:\/\/satesana.es\/fr\/production-vente-amandes\/#breadcrumb","itemListElement":[{"@type":"ListItem","position":1,"name":"Portada","item":"https:\/\/satesana.es\/fr\/"},{"@type":"ListItem","position":2,"name":"Production et vente des amandes"}]},{"@type":"WebSite","@id":"https:\/\/satesana.es\/fr\/#website","url":"https:\/\/satesana.es\/fr\/","name":"SAT ESANA FR","description":"SAT ESANA","publisher":{"@id":"https:\/\/satesana.es\/fr\/#organization"},"alternateName":"SAT ESANA","potentialAction":[{"@type":"SearchAction","target":{"@type":"EntryPoint","urlTemplate":"https:\/\/satesana.es\/fr\/?s={search_term_string}"},"query-input":{"@type":"PropertyValueSpecification","valueRequired":true,"valueName":"search_term_string"}}],"inLanguage":"fr-FR"},{"@type":"Organization","@id":"https:\/\/satesana.es\/fr\/#organization","name":"SAT Esana","alternateName":"SAT Esana","url":"https:\/\/satesana.es\/fr\/","logo":{"@type":"ImageObject","inLanguage":"fr-FR","@id":"https:\/\/satesana.es\/fr\/#\/schema\/logo\/image\/","url":"https:\/\/satesana.es\/fr\/wp-content\/uploads\/sites\/3\/2023\/01\/logo.png","contentUrl":"https:\/\/satesana.es\/fr\/wp-content\/uploads\/sites\/3\/2023\/01\/logo.png","width":211,"height":67,"caption":"SAT Esana"},"image":{"@id":"https:\/\/satesana.es\/fr\/#\/schema\/logo\/image\/"}}]}},"_links":{"self":[{"href":"https:\/\/satesana.es\/fr\/wp-json\/wp\/v2\/pages\/1510","targetHints":{"allow":["GET"]}}],"collection":[{"href":"https:\/\/satesana.es\/fr\/wp-json\/wp\/v2\/pages"}],"about":[{"href":"https:\/\/satesana.es\/fr\/wp-json\/wp\/v2\/types\/page"}],"author":[{"embeddable":true,"href":"https:\/\/satesana.es\/fr\/wp-json\/wp\/v2\/users\/9"}],"replies":[{"embeddable":true,"href":"https:\/\/satesana.es\/fr\/wp-json\/wp\/v2\/comments?post=1510"}],"version-history":[{"count":51,"href":"https:\/\/satesana.es\/fr\/wp-json\/wp\/v2\/pages\/1510\/revisions"}],"predecessor-version":[{"id":6837,"href":"https:\/\/satesana.es\/fr\/wp-json\/wp\/v2\/pages\/1510\/revisions\/6837"}],"wp:attachment":[{"href":"https:\/\/satesana.es\/fr\/wp-json\/wp\/v2\/media?parent=1510"}],"curies":[{"name":"wp","href":"https:\/\/api.w.org\/{rel}","templated":true}]}}