{"id":1441,"date":"2022-11-21T12:19:22","date_gmt":"2022-11-21T11:19:22","guid":{"rendered":"https:\/\/satesana.es\/fr\/?page_id=1441"},"modified":"2023-11-13T08:06:39","modified_gmt":"2023-11-13T07:06:39","slug":"production-vente-paille","status":"publish","type":"page","link":"https:\/\/satesana.es\/fr\/production-vente-paille\/","title":{"rendered":"Production et vente de paille animale"},"content":{"rendered":"\t\t<div data-elementor-type=\"wp-page\" data-elementor-id=\"1441\" class=\"elementor elementor-1441\">\n\t\t\t\t\t\t<section class=\"elementor-section elementor-top-section elementor-element elementor-element-f4f6f50 nopadding elementor-section-boxed elementor-section-height-default elementor-section-height-default\" data-id=\"f4f6f50\" data-element_type=\"section\">\n\t\t\t\t\t\t<div class=\"elementor-container elementor-column-gap-default\">\n\t\t\t\t\t<div class=\"elementor-column elementor-col-100 elementor-top-column elementor-element elementor-element-b8fea2a\" data-id=\"b8fea2a\" data-element_type=\"column\">\n\t\t\t<div class=\"elementor-widget-wrap elementor-element-populated\">\n\t\t\t\t\t\t<div class=\"elementor-element elementor-element-4e0a792 elementor-widget elementor-widget-heading\" data-id=\"4e0a792\" data-element_type=\"widget\" data-widget_type=\"heading.default\">\n\t\t\t\t<div class=\"elementor-widget-container\">\n\t\t\t\t\t<h1 class=\"elementor-heading-title elementor-size-default\">Production et vente de paille animale<\/h1>\t\t\t\t<\/div>\n\t\t\t\t<\/div>\n\t\t\t\t<div class=\"elementor-element elementor-element-bbe95c5 elementor-widget elementor-widget-text-editor\" data-id=\"bbe95c5\" data-element_type=\"widget\" data-widget_type=\"text-editor.default\">\n\t\t\t\t<div class=\"elementor-widget-container\">\n\t\t\t\t\t\t\t\t\t<div class=\"wpb_column vc_column_container vc_col-sm-5\"><div class=\"vc_column-inner \"><div class=\"wpb_wrapper\"><div class=\"wpb_text_column wpb_content_element \"><div class=\"wpb_wrapper\"><p>Dans cette section, nous pr\u00e9sentons les diff\u00e9rentes esp\u00e8ces de paille que <strong>SAT Esana<\/strong> met \u00e0 la disposition de ses clients. Paille de c\u00e9r\u00e9ales pr\u00e9alablement s\u00e9lectionn\u00e9e, hach\u00e9e et mise en balles dans l&rsquo;usine, paille indiqu\u00e9e pour les animaux, pour le b\u00e9tail.<\/p><\/div><\/div><\/div><\/div><\/div>\t\t\t\t\t\t\t\t<\/div>\n\t\t\t\t<\/div>\n\t\t\t\t\t<\/div>\n\t\t<\/div>\n\t\t\t\t\t<\/div>\n\t\t<\/section>\n\t\t\t\t<section class=\"elementor-section elementor-top-section elementor-element elementor-element-831c582 nopaddingtop elementor-section-boxed elementor-section-height-default elementor-section-height-default\" data-id=\"831c582\" data-element_type=\"section\">\n\t\t\t\t\t\t<div class=\"elementor-container elementor-column-gap-default\">\n\t\t\t\t\t<div class=\"elementor-column elementor-col-33 elementor-top-column elementor-element elementor-element-ac2530d\" data-id=\"ac2530d\" data-element_type=\"column\">\n\t\t\t<div class=\"elementor-widget-wrap elementor-element-populated\">\n\t\t\t\t\t\t<div class=\"elementor-element elementor-element-7307ac8 elementor-position-top elementor-widget elementor-widget-image-box\" data-id=\"7307ac8\" data-element_type=\"widget\" data-widget_type=\"image-box.default\">\n\t\t\t\t<div class=\"elementor-widget-container\">\n\t\t\t\t\t<div class=\"elementor-image-box-wrapper\"><figure class=\"elementor-image-box-img\"><img fetchpriority=\"high\" decoding=\"async\" width=\"2560\" height=\"1706\" src=\"https:\/\/satesana.es\/fr\/wp-content\/uploads\/sites\/3\/2023\/02\/paja-SATEsana-scaled.jpg\" class=\"attachment-full size-full wp-image-5002\" alt=\"Pala - SATEsana\" srcset=\"https:\/\/satesana.es\/fr\/wp-content\/uploads\/sites\/3\/2023\/02\/paja-SATEsana-scaled.jpg 2560w, https:\/\/satesana.es\/fr\/wp-content\/uploads\/sites\/3\/2023\/02\/paja-SATEsana-300x200.jpg 300w, https:\/\/satesana.es\/fr\/wp-content\/uploads\/sites\/3\/2023\/02\/paja-SATEsana-1024x683.jpg 1024w, https:\/\/satesana.es\/fr\/wp-content\/uploads\/sites\/3\/2023\/02\/paja-SATEsana-768x512.jpg 768w, https:\/\/satesana.es\/fr\/wp-content\/uploads\/sites\/3\/2023\/02\/paja-SATEsana-1536x1024.jpg 1536w, https:\/\/satesana.es\/fr\/wp-content\/uploads\/sites\/3\/2023\/02\/paja-SATEsana-2048x1365.jpg 2048w\" sizes=\"(max-width: 2560px) 100vw, 2560px\" \/><\/figure><div class=\"elementor-image-box-content\"><h2 class=\"elementor-image-box-title\">Paille<\/h2><p class=\"elementor-image-box-description\">Produit adapt\u00e9 aux bovins de boucherie, aux bovins laitiers, aux ovins ...<\/p><\/div><\/div>\t\t\t\t<\/div>\n\t\t\t\t<\/div>\n\t\t\t\t<div class=\"elementor-element elementor-element-6b298b6 elementor-align-center elementor-hidden-desktop elementor-hidden-tablet elementor-hidden-mobile elementor-widget elementor-widget-button\" data-id=\"6b298b6\" data-element_type=\"widget\" data-widget_type=\"button.default\">\n\t\t\t\t<div class=\"elementor-widget-container\">\n\t\t\t\t\t\t\t\t\t<div class=\"elementor-button-wrapper\">\n\t\t\t\t\t<a class=\"elementor-button elementor-button-link elementor-size-sm\" href=\"\/producto\/alfalfa-prensada-cuerda\">\n\t\t\t\t\t\t<span class=\"elementor-button-content-wrapper\">\n\t\t\t\t\t\t\t\t\t<span class=\"elementor-button-text\">m\u00e1s informaci\u00f3n<\/span>\n\t\t\t\t\t<\/span>\n\t\t\t\t\t<\/a>\n\t\t\t\t<\/div>\n\t\t\t\t\t\t\t\t<\/div>\n\t\t\t\t<\/div>\n\t\t\t\t\t<\/div>\n\t\t<\/div>\n\t\t\t\t<div class=\"elementor-column elementor-col-33 elementor-top-column elementor-element elementor-element-b63e71d\" data-id=\"b63e71d\" data-element_type=\"column\">\n\t\t\t<div class=\"elementor-widget-wrap elementor-element-populated\">\n\t\t\t\t\t\t<div class=\"elementor-element elementor-element-aa08ba8 elementor-position-top elementor-widget elementor-widget-image-box\" data-id=\"aa08ba8\" data-element_type=\"widget\" data-widget_type=\"image-box.default\">\n\t\t\t\t<div class=\"elementor-widget-container\">\n\t\t\t\t\t<div class=\"elementor-image-box-wrapper\"><figure class=\"elementor-image-box-img\"><img decoding=\"async\" width=\"2560\" height=\"1707\" src=\"https:\/\/satesana.es\/fr\/wp-content\/uploads\/sites\/3\/2022\/11\/ESANA-2847-scaled.jpg\" class=\"attachment-full size-full wp-image-1543\" alt=\"\" srcset=\"https:\/\/satesana.es\/fr\/wp-content\/uploads\/sites\/3\/2022\/11\/ESANA-2847-scaled.jpg 2560w, https:\/\/satesana.es\/fr\/wp-content\/uploads\/sites\/3\/2022\/11\/ESANA-2847-300x200.jpg 300w, https:\/\/satesana.es\/fr\/wp-content\/uploads\/sites\/3\/2022\/11\/ESANA-2847-1024x683.jpg 1024w, https:\/\/satesana.es\/fr\/wp-content\/uploads\/sites\/3\/2022\/11\/ESANA-2847-768x512.jpg 768w, https:\/\/satesana.es\/fr\/wp-content\/uploads\/sites\/3\/2022\/11\/ESANA-2847-1536x1024.jpg 1536w, https:\/\/satesana.es\/fr\/wp-content\/uploads\/sites\/3\/2022\/11\/ESANA-2847-2048x1365.jpg 2048w\" sizes=\"(max-width: 2560px) 100vw, 2560px\" \/><\/figure><div class=\"elementor-image-box-content\"><h2 class=\"elementor-image-box-title\">Paille press\u00e9e en corde<\/h2><p class=\"elementor-image-box-description\">Produit adapt\u00e9 aux bovins de boucherie, aux bovins laitiers, aux ovins ...<\/p><\/div><\/div>\t\t\t\t<\/div>\n\t\t\t\t<\/div>\n\t\t\t\t<div class=\"elementor-element elementor-element-5884448 elementor-align-center elementor-hidden-desktop elementor-hidden-tablet elementor-hidden-mobile elementor-widget elementor-widget-button\" data-id=\"5884448\" data-element_type=\"widget\" data-widget_type=\"button.default\">\n\t\t\t\t<div class=\"elementor-widget-container\">\n\t\t\t\t\t\t\t\t\t<div class=\"elementor-button-wrapper\">\n\t\t\t\t\t<a class=\"elementor-button elementor-button-link elementor-size-sm\" href=\"\/producto\/alfalfa-prensada-cuerda\">\n\t\t\t\t\t\t<span class=\"elementor-button-content-wrapper\">\n\t\t\t\t\t\t\t\t\t<span class=\"elementor-button-text\">m\u00e1s informaci\u00f3n<\/span>\n\t\t\t\t\t<\/span>\n\t\t\t\t\t<\/a>\n\t\t\t\t<\/div>\n\t\t\t\t\t\t\t\t<\/div>\n\t\t\t\t<\/div>\n\t\t\t\t\t<\/div>\n\t\t<\/div>\n\t\t\t\t<div class=\"elementor-column elementor-col-33 elementor-top-column elementor-element elementor-element-1c5a708\" data-id=\"1c5a708\" data-element_type=\"column\">\n\t\t\t<div class=\"elementor-widget-wrap elementor-element-populated\">\n\t\t\t\t\t\t<div class=\"elementor-element elementor-element-309204e elementor-position-top elementor-widget elementor-widget-image-box\" data-id=\"309204e\" data-element_type=\"widget\" data-widget_type=\"image-box.default\">\n\t\t\t\t<div class=\"elementor-widget-container\">\n\t\t\t\t\t<div class=\"elementor-image-box-wrapper\"><figure class=\"elementor-image-box-img\"><img decoding=\"async\" width=\"2560\" height=\"1707\" src=\"https:\/\/satesana.es\/fr\/wp-content\/uploads\/sites\/3\/2022\/12\/ESANA-2276-scaled.jpg\" class=\"attachment-full size-full wp-image-2930\" alt=\"\" srcset=\"https:\/\/satesana.es\/fr\/wp-content\/uploads\/sites\/3\/2022\/12\/ESANA-2276-scaled.jpg 2560w, https:\/\/satesana.es\/fr\/wp-content\/uploads\/sites\/3\/2022\/12\/ESANA-2276-300x200.jpg 300w, https:\/\/satesana.es\/fr\/wp-content\/uploads\/sites\/3\/2022\/12\/ESANA-2276-1024x683.jpg 1024w, https:\/\/satesana.es\/fr\/wp-content\/uploads\/sites\/3\/2022\/12\/ESANA-2276-768x512.jpg 768w, https:\/\/satesana.es\/fr\/wp-content\/uploads\/sites\/3\/2022\/12\/ESANA-2276-1536x1024.jpg 1536w, https:\/\/satesana.es\/fr\/wp-content\/uploads\/sites\/3\/2022\/12\/ESANA-2276-2048x1365.jpg 2048w\" sizes=\"(max-width: 2560px) 100vw, 2560px\" \/><\/figure><div class=\"elementor-image-box-content\"><h2 class=\"elementor-image-box-title\">Paille press\u00e9e raffia<\/h2><p class=\"elementor-image-box-description\">Produit adapt\u00e9 aux bovins de boucherie, aux bovins laitiers, aux ovins ...<\/p><\/div><\/div>\t\t\t\t<\/div>\n\t\t\t\t<\/div>\n\t\t\t\t<div class=\"elementor-element elementor-element-c2ba789 elementor-align-center elementor-hidden-desktop elementor-hidden-tablet elementor-hidden-mobile elementor-widget elementor-widget-button\" data-id=\"c2ba789\" data-element_type=\"widget\" data-widget_type=\"button.default\">\n\t\t\t\t<div class=\"elementor-widget-container\">\n\t\t\t\t\t\t\t\t\t<div class=\"elementor-button-wrapper\">\n\t\t\t\t\t<a class=\"elementor-button elementor-button-link elementor-size-sm\" href=\"\/producto\/alfalfa-prensada-cuerda\">\n\t\t\t\t\t\t<span class=\"elementor-button-content-wrapper\">\n\t\t\t\t\t\t\t\t\t<span class=\"elementor-button-text\">m\u00e1s informaci\u00f3n<\/span>\n\t\t\t\t\t<\/span>\n\t\t\t\t\t<\/a>\n\t\t\t\t<\/div>\n\t\t\t\t\t\t\t\t<\/div>\n\t\t\t\t<\/div>\n\t\t\t\t\t<\/div>\n\t\t<\/div>\n\t\t\t\t\t<\/div>\n\t\t<\/section>\n\t\t\t\t<section class=\"elementor-section elementor-top-section elementor-element elementor-element-7b6198a elementor-section-content-bottom elementor-section-stretched bg-grey-light nomarginbottom elementor-section-boxed elementor-section-height-default elementor-section-height-default\" data-id=\"7b6198a\" data-element_type=\"section\" data-settings=\"{&quot;background_background&quot;:&quot;classic&quot;,&quot;stretch_section&quot;:&quot;section-stretched&quot;}\">\n\t\t\t\t\t\t<div class=\"elementor-container elementor-column-gap-default\">\n\t\t\t\t\t<div class=\"elementor-column elementor-col-66 elementor-top-column elementor-element elementor-element-4ac2d7d\" data-id=\"4ac2d7d\" data-element_type=\"column\">\n\t\t\t<div class=\"elementor-widget-wrap elementor-element-populated\">\n\t\t\t\t\t\t<div class=\"elementor-element elementor-element-a389582 elementor-widget elementor-widget-heading\" data-id=\"a389582\" data-element_type=\"widget\" data-widget_type=\"heading.default\">\n\t\t\t\t<div class=\"elementor-widget-container\">\n\t\t\t\t\t<h3 class=\"elementor-heading-title elementor-size-default\">Nous contacter<\/h3>\t\t\t\t<\/div>\n\t\t\t\t<\/div>\n\t\t\t\t<div class=\"elementor-element elementor-element-3355545 elementor-widget elementor-widget-text-editor\" data-id=\"3355545\" data-element_type=\"widget\" data-widget_type=\"text-editor.default\">\n\t\t\t\t<div class=\"elementor-widget-container\">\n\t\t\t\t\t\t\t\t\t<p>Si vous souhaitez obtenir de plus amples informations ou nous parler pour r\u00e9pondre \u00e0 vos questions, n\u2019h\u00e9sitez pas \u00e0 le faire et nous vous r\u00e9pondrons dans les plus brefs d\u00e9lais. Nous vous r\u00e9pondrons dans les plus brefs d\u00e9lais.<\/p>\t\t\t\t\t\t\t\t<\/div>\n\t\t\t\t<\/div>\n\t\t\t\t\t<\/div>\n\t\t<\/div>\n\t\t\t\t<div class=\"elementor-column elementor-col-33 elementor-top-column elementor-element elementor-element-a2eff59\" data-id=\"a2eff59\" data-element_type=\"column\">\n\t\t\t<div class=\"elementor-widget-wrap elementor-element-populated\">\n\t\t\t\t\t\t<div class=\"elementor-element elementor-element-cb1b103 elementor-align-right elementor-tablet-align-left elementor-widget elementor-widget-button\" data-id=\"cb1b103\" data-element_type=\"widget\" data-widget_type=\"button.default\">\n\t\t\t\t<div class=\"elementor-widget-container\">\n\t\t\t\t\t\t\t\t\t<div class=\"elementor-button-wrapper\">\n\t\t\t\t\t<a class=\"elementor-button elementor-button-link elementor-size-sm\" href=\"\/fr\/contact\/\">\n\t\t\t\t\t\t<span class=\"elementor-button-content-wrapper\">\n\t\t\t\t\t\t\t\t\t<span class=\"elementor-button-text\">Nous contacter<\/span>\n\t\t\t\t\t<\/span>\n\t\t\t\t\t<\/a>\n\t\t\t\t<\/div>\n\t\t\t\t\t\t\t\t<\/div>\n\t\t\t\t<\/div>\n\t\t\t\t\t<\/div>\n\t\t<\/div>\n\t\t\t\t\t<\/div>\n\t\t<\/section>\n\t\t\t\t<\/div>\n\t\t","protected":false},"excerpt":{"rendered":"<p>Production et vente de paille animale Dans cette section, nous pr\u00e9sentons les diff\u00e9rentes esp\u00e8ces de paille que SAT Esana met [&hellip;]<\/p>\n","protected":false},"author":9,"featured_media":0,"parent":0,"menu_order":0,"comment_status":"closed","ping_status":"closed","template":"","meta":{"_genesis_hide_title":false,"_genesis_hide_breadcrumbs":false,"_genesis_hide_singular_image":false,"_genesis_hide_footer_widgets":false,"_genesis_custom_body_class":"","_genesis_custom_post_class":"","_genesis_layout":"","footnotes":""},"class_list":{"0":"post-1441","1":"page","2":"type-page","3":"status-publish","5":"entry","6":"has-post-thumbnail","7":"one-half"},"yoast_head":"<!-- This site is optimized with the Yoast SEO plugin v26.8 - https:\/\/yoast.com\/product\/yoast-seo-wordpress\/ -->\n<title>Production et vente de paille animale | SAT ESANA<\/title>\n<meta name=\"description\" content=\"Somos productores de la mejor paja para la alimentaci\u00f3n de animales y ganado. Indicada para vacuno de carne, vacuno de leche, ovejas\u2026\" \/>\n<meta name=\"robots\" content=\"index, follow, max-snippet:-1, max-image-preview:large, max-video-preview:-1\" \/>\n<link rel=\"canonical\" href=\"https:\/\/satesana.es\/fr\/production-vente-paille\/\" \/>\n<meta property=\"og:locale\" content=\"fr_FR\" \/>\n<meta property=\"og:type\" content=\"article\" \/>\n<meta property=\"og:title\" content=\"Production et vente de paille animale | SAT ESANA\" \/>\n<meta property=\"og:description\" content=\"Somos productores de la mejor paja para la alimentaci\u00f3n de animales y ganado. Indicada para vacuno de carne, vacuno de leche, ovejas\u2026\" \/>\n<meta property=\"og:url\" content=\"https:\/\/satesana.es\/fr\/production-vente-paille\/\" \/>\n<meta property=\"og:site_name\" content=\"SAT ESANA FR\" \/>\n<meta property=\"article:modified_time\" content=\"2023-11-13T07:06:39+00:00\" \/>\n<meta property=\"og:image\" content=\"https:\/\/satesana.es\/fr\/wp-content\/uploads\/sites\/3\/2023\/02\/paja-SATEsana-scaled.jpg\" \/>\n<meta name=\"twitter:card\" content=\"summary_large_image\" \/>\n<meta name=\"twitter:label1\" content=\"Dur\u00e9e de lecture estim\u00e9e\" \/>\n\t<meta name=\"twitter:data1\" content=\"2 minutes\" \/>\n<script type=\"application\/ld+json\" class=\"yoast-schema-graph\">{\"@context\":\"https:\/\/schema.org\",\"@graph\":[{\"@type\":\"WebPage\",\"@id\":\"https:\/\/satesana.es\/fr\/production-vente-paille\/\",\"url\":\"https:\/\/satesana.es\/fr\/production-vente-paille\/\",\"name\":\"Production et vente de paille animale | SAT ESANA\",\"isPartOf\":{\"@id\":\"https:\/\/satesana.es\/fr\/#website\"},\"primaryImageOfPage\":{\"@id\":\"https:\/\/satesana.es\/fr\/production-vente-paille\/#primaryimage\"},\"image\":{\"@id\":\"https:\/\/satesana.es\/fr\/production-vente-paille\/#primaryimage\"},\"thumbnailUrl\":\"https:\/\/satesana.es\/fr\/wp-content\/uploads\/sites\/3\/2023\/02\/paja-SATEsana-scaled.jpg\",\"datePublished\":\"2022-11-21T11:19:22+00:00\",\"dateModified\":\"2023-11-13T07:06:39+00:00\",\"description\":\"Somos productores de la mejor paja para la alimentaci\u00f3n de animales y ganado. Indicada para vacuno de carne, vacuno de leche, ovejas\u2026\",\"breadcrumb\":{\"@id\":\"https:\/\/satesana.es\/fr\/production-vente-paille\/#breadcrumb\"},\"inLanguage\":\"fr-FR\",\"potentialAction\":[{\"@type\":\"ReadAction\",\"target\":[\"https:\/\/satesana.es\/fr\/production-vente-paille\/\"]}]},{\"@type\":\"ImageObject\",\"inLanguage\":\"fr-FR\",\"@id\":\"https:\/\/satesana.es\/fr\/production-vente-paille\/#primaryimage\",\"url\":\"https:\/\/satesana.es\/fr\/wp-content\/uploads\/sites\/3\/2023\/02\/paja-SATEsana-scaled.jpg\",\"contentUrl\":\"https:\/\/satesana.es\/fr\/wp-content\/uploads\/sites\/3\/2023\/02\/paja-SATEsana-scaled.jpg\",\"width\":2560,\"height\":1706,\"caption\":\"Pala - SATEsana\"},{\"@type\":\"BreadcrumbList\",\"@id\":\"https:\/\/satesana.es\/fr\/production-vente-paille\/#breadcrumb\",\"itemListElement\":[{\"@type\":\"ListItem\",\"position\":1,\"name\":\"Portada\",\"item\":\"https:\/\/satesana.es\/fr\/\"},{\"@type\":\"ListItem\",\"position\":2,\"name\":\"Production et vente de paille animale\"}]},{\"@type\":\"WebSite\",\"@id\":\"https:\/\/satesana.es\/fr\/#website\",\"url\":\"https:\/\/satesana.es\/fr\/\",\"name\":\"SAT ESANA FR\",\"description\":\"SAT ESANA\",\"publisher\":{\"@id\":\"https:\/\/satesana.es\/fr\/#organization\"},\"alternateName\":\"SAT ESANA\",\"potentialAction\":[{\"@type\":\"SearchAction\",\"target\":{\"@type\":\"EntryPoint\",\"urlTemplate\":\"https:\/\/satesana.es\/fr\/?s={search_term_string}\"},\"query-input\":{\"@type\":\"PropertyValueSpecification\",\"valueRequired\":true,\"valueName\":\"search_term_string\"}}],\"inLanguage\":\"fr-FR\"},{\"@type\":\"Organization\",\"@id\":\"https:\/\/satesana.es\/fr\/#organization\",\"name\":\"SAT Esana\",\"alternateName\":\"SAT Esana\",\"url\":\"https:\/\/satesana.es\/fr\/\",\"logo\":{\"@type\":\"ImageObject\",\"inLanguage\":\"fr-FR\",\"@id\":\"https:\/\/satesana.es\/fr\/#\/schema\/logo\/image\/\",\"url\":\"https:\/\/satesana.es\/fr\/wp-content\/uploads\/sites\/3\/2023\/01\/logo.png\",\"contentUrl\":\"https:\/\/satesana.es\/fr\/wp-content\/uploads\/sites\/3\/2023\/01\/logo.png\",\"width\":211,\"height\":67,\"caption\":\"SAT Esana\"},\"image\":{\"@id\":\"https:\/\/satesana.es\/fr\/#\/schema\/logo\/image\/\"}}]}<\/script>\n<!-- \/ Yoast SEO plugin. -->","yoast_head_json":{"title":"Production et vente de paille animale | SAT ESANA","description":"Somos productores de la mejor paja para la alimentaci\u00f3n de animales y ganado. Indicada para vacuno de carne, vacuno de leche, ovejas\u2026","robots":{"index":"index","follow":"follow","max-snippet":"max-snippet:-1","max-image-preview":"max-image-preview:large","max-video-preview":"max-video-preview:-1"},"canonical":"https:\/\/satesana.es\/fr\/production-vente-paille\/","og_locale":"fr_FR","og_type":"article","og_title":"Production et vente de paille animale | SAT ESANA","og_description":"Somos productores de la mejor paja para la alimentaci\u00f3n de animales y ganado. Indicada para vacuno de carne, vacuno de leche, ovejas\u2026","og_url":"https:\/\/satesana.es\/fr\/production-vente-paille\/","og_site_name":"SAT ESANA FR","article_modified_time":"2023-11-13T07:06:39+00:00","og_image":[{"url":"https:\/\/satesana.es\/fr\/wp-content\/uploads\/sites\/3\/2023\/02\/paja-SATEsana-scaled.jpg","type":"","width":"","height":""}],"twitter_card":"summary_large_image","twitter_misc":{"Dur\u00e9e de lecture estim\u00e9e":"2 minutes"},"schema":{"@context":"https:\/\/schema.org","@graph":[{"@type":"WebPage","@id":"https:\/\/satesana.es\/fr\/production-vente-paille\/","url":"https:\/\/satesana.es\/fr\/production-vente-paille\/","name":"Production et vente de paille animale | SAT ESANA","isPartOf":{"@id":"https:\/\/satesana.es\/fr\/#website"},"primaryImageOfPage":{"@id":"https:\/\/satesana.es\/fr\/production-vente-paille\/#primaryimage"},"image":{"@id":"https:\/\/satesana.es\/fr\/production-vente-paille\/#primaryimage"},"thumbnailUrl":"https:\/\/satesana.es\/fr\/wp-content\/uploads\/sites\/3\/2023\/02\/paja-SATEsana-scaled.jpg","datePublished":"2022-11-21T11:19:22+00:00","dateModified":"2023-11-13T07:06:39+00:00","description":"Somos productores de la mejor paja para la alimentaci\u00f3n de animales y ganado. Indicada para vacuno de carne, vacuno de leche, ovejas\u2026","breadcrumb":{"@id":"https:\/\/satesana.es\/fr\/production-vente-paille\/#breadcrumb"},"inLanguage":"fr-FR","potentialAction":[{"@type":"ReadAction","target":["https:\/\/satesana.es\/fr\/production-vente-paille\/"]}]},{"@type":"ImageObject","inLanguage":"fr-FR","@id":"https:\/\/satesana.es\/fr\/production-vente-paille\/#primaryimage","url":"https:\/\/satesana.es\/fr\/wp-content\/uploads\/sites\/3\/2023\/02\/paja-SATEsana-scaled.jpg","contentUrl":"https:\/\/satesana.es\/fr\/wp-content\/uploads\/sites\/3\/2023\/02\/paja-SATEsana-scaled.jpg","width":2560,"height":1706,"caption":"Pala - SATEsana"},{"@type":"BreadcrumbList","@id":"https:\/\/satesana.es\/fr\/production-vente-paille\/#breadcrumb","itemListElement":[{"@type":"ListItem","position":1,"name":"Portada","item":"https:\/\/satesana.es\/fr\/"},{"@type":"ListItem","position":2,"name":"Production et vente de paille animale"}]},{"@type":"WebSite","@id":"https:\/\/satesana.es\/fr\/#website","url":"https:\/\/satesana.es\/fr\/","name":"SAT ESANA FR","description":"SAT ESANA","publisher":{"@id":"https:\/\/satesana.es\/fr\/#organization"},"alternateName":"SAT ESANA","potentialAction":[{"@type":"SearchAction","target":{"@type":"EntryPoint","urlTemplate":"https:\/\/satesana.es\/fr\/?s={search_term_string}"},"query-input":{"@type":"PropertyValueSpecification","valueRequired":true,"valueName":"search_term_string"}}],"inLanguage":"fr-FR"},{"@type":"Organization","@id":"https:\/\/satesana.es\/fr\/#organization","name":"SAT Esana","alternateName":"SAT Esana","url":"https:\/\/satesana.es\/fr\/","logo":{"@type":"ImageObject","inLanguage":"fr-FR","@id":"https:\/\/satesana.es\/fr\/#\/schema\/logo\/image\/","url":"https:\/\/satesana.es\/fr\/wp-content\/uploads\/sites\/3\/2023\/01\/logo.png","contentUrl":"https:\/\/satesana.es\/fr\/wp-content\/uploads\/sites\/3\/2023\/01\/logo.png","width":211,"height":67,"caption":"SAT Esana"},"image":{"@id":"https:\/\/satesana.es\/fr\/#\/schema\/logo\/image\/"}}]}},"_links":{"self":[{"href":"https:\/\/satesana.es\/fr\/wp-json\/wp\/v2\/pages\/1441","targetHints":{"allow":["GET"]}}],"collection":[{"href":"https:\/\/satesana.es\/fr\/wp-json\/wp\/v2\/pages"}],"about":[{"href":"https:\/\/satesana.es\/fr\/wp-json\/wp\/v2\/types\/page"}],"author":[{"embeddable":true,"href":"https:\/\/satesana.es\/fr\/wp-json\/wp\/v2\/users\/9"}],"replies":[{"embeddable":true,"href":"https:\/\/satesana.es\/fr\/wp-json\/wp\/v2\/comments?post=1441"}],"version-history":[{"count":51,"href":"https:\/\/satesana.es\/fr\/wp-json\/wp\/v2\/pages\/1441\/revisions"}],"predecessor-version":[{"id":6834,"href":"https:\/\/satesana.es\/fr\/wp-json\/wp\/v2\/pages\/1441\/revisions\/6834"}],"wp:attachment":[{"href":"https:\/\/satesana.es\/fr\/wp-json\/wp\/v2\/media?parent=1441"}],"curies":[{"name":"wp","href":"https:\/\/api.w.org\/{rel}","templated":true}]}}