{"id":1156,"date":"2022-11-09T10:23:27","date_gmt":"2022-11-09T09:23:27","guid":{"rendered":"https:\/\/satesana.es\/fr\/?page_id=1156"},"modified":"2023-05-11T11:15:31","modified_gmt":"2023-05-11T09:15:31","slug":"products","status":"publish","type":"page","link":"https:\/\/satesana.es\/fr\/products\/","title":{"rendered":"Products"},"content":{"rendered":"\t\t<div data-elementor-type=\"wp-page\" data-elementor-id=\"1156\" class=\"elementor elementor-1156\">\n\t\t\t\t\t\t<section class=\"elementor-section elementor-top-section elementor-element elementor-element-f4f6f50 nopadding elementor-section-boxed elementor-section-height-default elementor-section-height-default\" data-id=\"f4f6f50\" data-element_type=\"section\">\n\t\t\t\t\t\t<div class=\"elementor-container elementor-column-gap-default\">\n\t\t\t\t\t<div class=\"elementor-column elementor-col-100 elementor-top-column elementor-element elementor-element-b8fea2a\" data-id=\"b8fea2a\" data-element_type=\"column\">\n\t\t\t<div class=\"elementor-widget-wrap elementor-element-populated\">\n\t\t\t\t\t\t<div class=\"elementor-element elementor-element-4e0a792 elementor-widget elementor-widget-heading\" data-id=\"4e0a792\" data-element_type=\"widget\" data-widget_type=\"heading.default\">\n\t\t\t\t<div class=\"elementor-widget-container\">\n\t\t\t\t\t<h1 class=\"elementor-heading-title elementor-size-default\">Products<\/h1>\t\t\t\t<\/div>\n\t\t\t\t<\/div>\n\t\t\t\t<div class=\"elementor-element elementor-element-bbe95c5 elementor-widget elementor-widget-text-editor\" data-id=\"bbe95c5\" data-element_type=\"widget\" data-widget_type=\"text-editor.default\">\n\t\t\t\t<div class=\"elementor-widget-container\">\n\t\t\t\t\t\t\t\t\t<div class=\"wpb_column vc_column_container vc_col-sm-5\"><div class=\"vc_column-inner \"><div class=\"wpb_wrapper\"><div class=\"wpb_text_column wpb_content_element \"><div class=\"wpb_wrapper\"><p>Notre s\u00e9lection de produits est le r\u00e9sultat des efforts durables d&rsquo;une \u00e9quipe de personnes ayant une grande responsabilit\u00e9 sociale. <strong>SAT ESANA<\/strong> s&rsquo;assure que nos produits ont \u00e9t\u00e9 cultiv\u00e9s avec la plus grande sp\u00e9cialisation des semences et des processus technologiques du secteur agricole, offrant ainsi des garanties de s\u00e9curit\u00e9 optimales.<\/p><p>Dans nos installations, vous trouverez les emballages les plus connus et les plus utilis\u00e9s au niveau international.<\/p><\/div><\/div><\/div><\/div><\/div>\t\t\t\t\t\t\t\t<\/div>\n\t\t\t\t<\/div>\n\t\t\t\t\t<\/div>\n\t\t<\/div>\n\t\t\t\t\t<\/div>\n\t\t<\/section>\n\t\t\t\t<section class=\"elementor-section elementor-top-section elementor-element elementor-element-b0ad27d nopaddingtop elementor-section-boxed elementor-section-height-default elementor-section-height-default\" data-id=\"b0ad27d\" data-element_type=\"section\">\n\t\t\t\t\t\t<div class=\"elementor-container elementor-column-gap-default\">\n\t\t\t\t\t<div class=\"elementor-column elementor-col-25 elementor-top-column elementor-element elementor-element-6e378e2\" data-id=\"6e378e2\" data-element_type=\"column\">\n\t\t\t<div class=\"elementor-widget-wrap elementor-element-populated\">\n\t\t\t\t\t\t<div class=\"elementor-element elementor-element-b498f42 elementor-position-top elementor-widget elementor-widget-image-box\" data-id=\"b498f42\" data-element_type=\"widget\" data-widget_type=\"image-box.default\">\n\t\t\t\t<div class=\"elementor-widget-container\">\n\t\t\t\t\t<div class=\"elementor-image-box-wrapper\"><figure class=\"elementor-image-box-img\"><img fetchpriority=\"high\" decoding=\"async\" width=\"1920\" height=\"1079\" src=\"https:\/\/satesana.es\/fr\/wp-content\/uploads\/sites\/3\/2022\/12\/ESANA-DRONE-0028.jpg\" class=\"attachment-full size-full wp-image-2913\" alt=\"Forraje - SAT Esana\" srcset=\"https:\/\/satesana.es\/fr\/wp-content\/uploads\/sites\/3\/2022\/12\/ESANA-DRONE-0028.jpg 1920w, https:\/\/satesana.es\/fr\/wp-content\/uploads\/sites\/3\/2022\/12\/ESANA-DRONE-0028-300x169.jpg 300w, https:\/\/satesana.es\/fr\/wp-content\/uploads\/sites\/3\/2022\/12\/ESANA-DRONE-0028-1024x575.jpg 1024w, https:\/\/satesana.es\/fr\/wp-content\/uploads\/sites\/3\/2022\/12\/ESANA-DRONE-0028-768x432.jpg 768w, https:\/\/satesana.es\/fr\/wp-content\/uploads\/sites\/3\/2022\/12\/ESANA-DRONE-0028-1536x863.jpg 1536w\" sizes=\"(max-width: 1920px) 100vw, 1920px\" \/><\/figure><div class=\"elementor-image-box-content\"><h3 class=\"elementor-image-box-title\">Fourrage<\/h3><p class=\"elementor-image-box-description\">La luzerne est la plante fourrag\u00e8re par excellence, appartient \u00e0 la famille des l\u00e9gumineuses et n\u00e9cessite des temp\u00e9ratures \u00e9lev\u00e9es et un climat sec, l\u2019Espagne \u00e9tant l\u2019un des meilleurs endroits au monde pour sa production. Plus pr\u00e9cis\u00e9ment, les rives de l\u2019\u00c8bre, o\u00f9 se trouvent nos champs.<\/p><\/div><\/div>\t\t\t\t<\/div>\n\t\t\t\t<\/div>\n\t\t\t\t<div class=\"elementor-element elementor-element-448a704 elementor-align-center elementor-widget elementor-widget-button\" data-id=\"448a704\" data-element_type=\"widget\" data-widget_type=\"button.default\">\n\t\t\t\t<div class=\"elementor-widget-container\">\n\t\t\t\t\t\t\t\t\t<div class=\"elementor-button-wrapper\">\n\t\t\t\t\t<a class=\"elementor-button elementor-button-link elementor-size-sm\" href=\"https:\/\/satesana.es\/fr\/production-vente-fourrage\/\" continuer=\"\">\n\t\t\t\t\t\t<span class=\"elementor-button-content-wrapper\">\n\t\t\t\t\t\t\t\t\t<span class=\"elementor-button-text\">Continuer \u00e0 lire<\/span>\n\t\t\t\t\t<\/span>\n\t\t\t\t\t<\/a>\n\t\t\t\t<\/div>\n\t\t\t\t\t\t\t\t<\/div>\n\t\t\t\t<\/div>\n\t\t\t\t\t<\/div>\n\t\t<\/div>\n\t\t\t\t<div class=\"elementor-column elementor-col-25 elementor-top-column elementor-element elementor-element-8bfba6f\" data-id=\"8bfba6f\" data-element_type=\"column\">\n\t\t\t<div class=\"elementor-widget-wrap elementor-element-populated\">\n\t\t\t\t\t\t<div class=\"elementor-element elementor-element-2a59680 elementor-position-top elementor-widget elementor-widget-image-box\" data-id=\"2a59680\" data-element_type=\"widget\" data-widget_type=\"image-box.default\">\n\t\t\t\t<div class=\"elementor-widget-container\">\n\t\t\t\t\t<div class=\"elementor-image-box-wrapper\"><figure class=\"elementor-image-box-img\"><img decoding=\"async\" width=\"1920\" height=\"1079\" src=\"https:\/\/satesana.es\/fr\/wp-content\/uploads\/sites\/3\/2023\/02\/Paja-SATEsana-1.jpg\" class=\"attachment-full size-full wp-image-5033\" alt=\"\" srcset=\"https:\/\/satesana.es\/fr\/wp-content\/uploads\/sites\/3\/2023\/02\/Paja-SATEsana-1.jpg 1920w, https:\/\/satesana.es\/fr\/wp-content\/uploads\/sites\/3\/2023\/02\/Paja-SATEsana-1-300x169.jpg 300w, https:\/\/satesana.es\/fr\/wp-content\/uploads\/sites\/3\/2023\/02\/Paja-SATEsana-1-1024x575.jpg 1024w, https:\/\/satesana.es\/fr\/wp-content\/uploads\/sites\/3\/2023\/02\/Paja-SATEsana-1-768x432.jpg 768w, https:\/\/satesana.es\/fr\/wp-content\/uploads\/sites\/3\/2023\/02\/Paja-SATEsana-1-1536x863.jpg 1536w\" sizes=\"(max-width: 1920px) 100vw, 1920px\" \/><\/figure><div class=\"elementor-image-box-content\"><h3 class=\"elementor-image-box-title\">Paille<\/h3><p class=\"elementor-image-box-description\">La paille est la tige s\u00e8che de certaines gramin\u00e9es une fois coup\u00e9es et jet\u00e9es de la graine pendant la r\u00e9colte. Il est surtout g\u00e9n\u00e9ralement compos\u00e9 de c\u00e9r\u00e9ales telles que le bl\u00e9 ou l\u2019orge. C\u2019est un produit particuli\u00e8rement adapt\u00e9 aux bovins de boucherie, aux bovins laitiers, aux moutons...<\/p><\/div><\/div>\t\t\t\t<\/div>\n\t\t\t\t<\/div>\n\t\t\t\t<div class=\"elementor-element elementor-element-0fcf2a6 elementor-align-center elementor-widget elementor-widget-button\" data-id=\"0fcf2a6\" data-element_type=\"widget\" data-widget_type=\"button.default\">\n\t\t\t\t<div class=\"elementor-widget-container\">\n\t\t\t\t\t\t\t\t\t<div class=\"elementor-button-wrapper\">\n\t\t\t\t\t<a class=\"elementor-button elementor-button-link elementor-size-sm\" href=\"https:\/\/satesana.es\/fr\/production-vente-paille\/\" continuer=\"\">\n\t\t\t\t\t\t<span class=\"elementor-button-content-wrapper\">\n\t\t\t\t\t\t\t\t\t<span class=\"elementor-button-text\">Continuer \u00e0 lire<\/span>\n\t\t\t\t\t<\/span>\n\t\t\t\t\t<\/a>\n\t\t\t\t<\/div>\n\t\t\t\t\t\t\t\t<\/div>\n\t\t\t\t<\/div>\n\t\t\t\t\t<\/div>\n\t\t<\/div>\n\t\t\t\t<div class=\"elementor-column elementor-col-25 elementor-top-column elementor-element elementor-element-e316fb1\" data-id=\"e316fb1\" data-element_type=\"column\">\n\t\t\t<div class=\"elementor-widget-wrap elementor-element-populated\">\n\t\t\t\t\t\t<div class=\"elementor-element elementor-element-86d8b02 elementor-position-top elementor-widget elementor-widget-image-box\" data-id=\"86d8b02\" data-element_type=\"widget\" data-widget_type=\"image-box.default\">\n\t\t\t\t<div class=\"elementor-widget-container\">\n\t\t\t\t\t<div class=\"elementor-image-box-wrapper\"><figure class=\"elementor-image-box-img\"><img decoding=\"async\" width=\"1920\" height=\"1079\" src=\"https:\/\/satesana.es\/fr\/wp-content\/uploads\/sites\/3\/2023\/01\/Almendras-SATESANA.jpg\" class=\"attachment-full size-full wp-image-3883\" alt=\"\" srcset=\"https:\/\/satesana.es\/fr\/wp-content\/uploads\/sites\/3\/2023\/01\/Almendras-SATESANA.jpg 1920w, https:\/\/satesana.es\/fr\/wp-content\/uploads\/sites\/3\/2023\/01\/Almendras-SATESANA-300x169.jpg 300w, https:\/\/satesana.es\/fr\/wp-content\/uploads\/sites\/3\/2023\/01\/Almendras-SATESANA-1024x575.jpg 1024w, https:\/\/satesana.es\/fr\/wp-content\/uploads\/sites\/3\/2023\/01\/Almendras-SATESANA-768x432.jpg 768w, https:\/\/satesana.es\/fr\/wp-content\/uploads\/sites\/3\/2023\/01\/Almendras-SATESANA-1536x863.jpg 1536w\" sizes=\"(max-width: 1920px) 100vw, 1920px\" \/><\/figure><div class=\"elementor-image-box-content\"><h3 class=\"elementor-image-box-title\">Amandes<\/h3><p class=\"elementor-image-box-description\">L\u2019amande provient de l\u2019arbre qui appartient \u00e0 la famille des Rosac\u00e9es et \u00e0 l\u2019esp\u00e8ce Prunus communis ou P. amigdalus qui est commun\u00e9ment appel\u00e9 amandier. Il peut atteindre jusqu\u2019\u00e0 5 m de hauteur, bien qu\u2019il ne soit g\u00e9n\u00e9ralement pas tr\u00e8s vigoureux.<\/p><\/div><\/div>\t\t\t\t<\/div>\n\t\t\t\t<\/div>\n\t\t\t\t<div class=\"elementor-element elementor-element-3291365 elementor-align-center elementor-widget elementor-widget-button\" data-id=\"3291365\" data-element_type=\"widget\" data-widget_type=\"button.default\">\n\t\t\t\t<div class=\"elementor-widget-container\">\n\t\t\t\t\t\t\t\t\t<div class=\"elementor-button-wrapper\">\n\t\t\t\t\t<a class=\"elementor-button elementor-button-link elementor-size-sm\" href=\"https:\/\/satesana.es\/fr\/production-vente-amandes\/\" continuer=\"\">\n\t\t\t\t\t\t<span class=\"elementor-button-content-wrapper\">\n\t\t\t\t\t\t\t\t\t<span class=\"elementor-button-text\">Continuer \u00e0 lire<\/span>\n\t\t\t\t\t<\/span>\n\t\t\t\t\t<\/a>\n\t\t\t\t<\/div>\n\t\t\t\t\t\t\t\t<\/div>\n\t\t\t\t<\/div>\n\t\t\t\t\t<\/div>\n\t\t<\/div>\n\t\t\t\t<div class=\"elementor-column elementor-col-25 elementor-top-column elementor-element elementor-element-75c3b11\" data-id=\"75c3b11\" data-element_type=\"column\">\n\t\t\t<div class=\"elementor-widget-wrap elementor-element-populated\">\n\t\t\t\t\t\t<div class=\"elementor-element elementor-element-2f1bfd3 elementor-position-top elementor-widget elementor-widget-image-box\" data-id=\"2f1bfd3\" data-element_type=\"widget\" data-widget_type=\"image-box.default\">\n\t\t\t\t<div class=\"elementor-widget-container\">\n\t\t\t\t\t<div class=\"elementor-image-box-wrapper\"><figure class=\"elementor-image-box-img\"><img loading=\"lazy\" decoding=\"async\" width=\"800\" height=\"449\" src=\"https:\/\/satesana.es\/fr\/wp-content\/uploads\/sites\/3\/2023\/02\/Cereales-SATEsana-1.jpg\" class=\"attachment-full size-full wp-image-5037\" alt=\"\" srcset=\"https:\/\/satesana.es\/fr\/wp-content\/uploads\/sites\/3\/2023\/02\/Cereales-SATEsana-1.jpg 800w, https:\/\/satesana.es\/fr\/wp-content\/uploads\/sites\/3\/2023\/02\/Cereales-SATEsana-1-300x168.jpg 300w, https:\/\/satesana.es\/fr\/wp-content\/uploads\/sites\/3\/2023\/02\/Cereales-SATEsana-1-768x431.jpg 768w\" sizes=\"(max-width: 800px) 100vw, 800px\" \/><\/figure><div class=\"elementor-image-box-content\"><h3 class=\"elementor-image-box-title\"><span style=\"font-family: Montserrat, sans-serif;font-size: 24px;font-style: normal;font-weight: 500;white-space: normal\">C\u00e9r\u00e9ales<\/span><\/h3><p class=\"elementor-image-box-description\">Nous sommes producteurs de c\u00e9r\u00e9ales telles que l\u2019orge, le bl\u00e9, le ma\u00efs, le tournesol,... Les c\u00e9r\u00e9ales ont \u00e9t\u00e9 cultiv\u00e9es pour leurs graines comestibles et constituent une partie importante de l\u2019alimentation de nombreuses personnes et nous les cultivons dans nos champs.<\/p><\/div><\/div>\t\t\t\t<\/div>\n\t\t\t\t<\/div>\n\t\t\t\t<div class=\"elementor-element elementor-element-05cfecb elementor-align-center elementor-widget elementor-widget-button\" data-id=\"05cfecb\" data-element_type=\"widget\" data-widget_type=\"button.default\">\n\t\t\t\t<div class=\"elementor-widget-container\">\n\t\t\t\t\t\t\t\t\t<div class=\"elementor-button-wrapper\">\n\t\t\t\t\t<a class=\"elementor-button elementor-button-link elementor-size-sm\" href=\"https:\/\/satesana.es\/fr\/production-vente-cereales\/\" continuer=\"\">\n\t\t\t\t\t\t<span class=\"elementor-button-content-wrapper\">\n\t\t\t\t\t\t\t\t\t<span class=\"elementor-button-text\">Continuer \u00e0 lire<\/span>\n\t\t\t\t\t<\/span>\n\t\t\t\t\t<\/a>\n\t\t\t\t<\/div>\n\t\t\t\t\t\t\t\t<\/div>\n\t\t\t\t<\/div>\n\t\t\t\t\t<\/div>\n\t\t<\/div>\n\t\t\t\t\t<\/div>\n\t\t<\/section>\n\t\t\t\t<section class=\"elementor-section elementor-top-section elementor-element elementor-element-7b6198a elementor-section-content-bottom elementor-section-stretched bg-grey-light nomarginbottom elementor-section-boxed elementor-section-height-default elementor-section-height-default\" data-id=\"7b6198a\" data-element_type=\"section\" data-settings=\"{&quot;background_background&quot;:&quot;classic&quot;,&quot;stretch_section&quot;:&quot;section-stretched&quot;}\">\n\t\t\t\t\t\t<div class=\"elementor-container elementor-column-gap-default\">\n\t\t\t\t\t<div class=\"elementor-column elementor-col-66 elementor-top-column elementor-element elementor-element-4ac2d7d\" data-id=\"4ac2d7d\" data-element_type=\"column\">\n\t\t\t<div class=\"elementor-widget-wrap elementor-element-populated\">\n\t\t\t\t\t\t<div class=\"elementor-element elementor-element-a389582 elementor-widget elementor-widget-heading\" data-id=\"a389582\" data-element_type=\"widget\" data-widget_type=\"heading.default\">\n\t\t\t\t<div class=\"elementor-widget-container\">\n\t\t\t\t\t<h2 class=\"elementor-heading-title elementor-size-default\"><span style=\"font-family: Montserrat, sans-serif;font-size: 32px;font-style: normal;font-weight: 500;white-space: normal\">Nous contacter<\/span><\/h2>\t\t\t\t<\/div>\n\t\t\t\t<\/div>\n\t\t\t\t<div class=\"elementor-element elementor-element-3355545 elementor-widget elementor-widget-text-editor\" data-id=\"3355545\" data-element_type=\"widget\" data-widget_type=\"text-editor.default\">\n\t\t\t\t<div class=\"elementor-widget-container\">\n\t\t\t\t\t\t\t\t\t<p>Si vous souhaitez obtenir de plus amples informations ou nous parler pour r\u00e9pondre \u00e0 vos questions, n\u2019h\u00e9sitez pas \u00e0 le faire et nous vous r\u00e9pondrons dans les plus brefs d\u00e9lais. Nous vous r\u00e9pondrons dans les plus brefs d\u00e9lais.<\/p>\t\t\t\t\t\t\t\t<\/div>\n\t\t\t\t<\/div>\n\t\t\t\t\t<\/div>\n\t\t<\/div>\n\t\t\t\t<div class=\"elementor-column elementor-col-33 elementor-top-column elementor-element elementor-element-a2eff59\" data-id=\"a2eff59\" data-element_type=\"column\">\n\t\t\t<div class=\"elementor-widget-wrap elementor-element-populated\">\n\t\t\t\t\t\t<div class=\"elementor-element elementor-element-cb1b103 elementor-align-right elementor-tablet-align-left elementor-widget elementor-widget-button\" data-id=\"cb1b103\" data-element_type=\"widget\" data-widget_type=\"button.default\">\n\t\t\t\t<div class=\"elementor-widget-container\">\n\t\t\t\t\t\t\t\t\t<div class=\"elementor-button-wrapper\">\n\t\t\t\t\t<a class=\"elementor-button elementor-button-link elementor-size-sm\" href=\"\/fr\/contact\/\">\n\t\t\t\t\t\t<span class=\"elementor-button-content-wrapper\">\n\t\t\t\t\t\t\t\t\t<span class=\"elementor-button-text\">Nous contacter<\/span>\n\t\t\t\t\t<\/span>\n\t\t\t\t\t<\/a>\n\t\t\t\t<\/div>\n\t\t\t\t\t\t\t\t<\/div>\n\t\t\t\t<\/div>\n\t\t\t\t\t<\/div>\n\t\t<\/div>\n\t\t\t\t\t<\/div>\n\t\t<\/section>\n\t\t\t\t<\/div>\n\t\t","protected":false},"excerpt":{"rendered":"<p>Products Notre s\u00e9lection de produits est le r\u00e9sultat des efforts durables d&rsquo;une \u00e9quipe de personnes ayant une grande responsabilit\u00e9 sociale. [&hellip;]<\/p>\n","protected":false},"author":9,"featured_media":0,"parent":0,"menu_order":0,"comment_status":"closed","ping_status":"closed","template":"","meta":{"_genesis_hide_title":false,"_genesis_hide_breadcrumbs":false,"_genesis_hide_singular_image":false,"_genesis_hide_footer_widgets":false,"_genesis_custom_body_class":"","_genesis_custom_post_class":"","_genesis_layout":"","footnotes":""},"class_list":{"0":"post-1156","1":"page","2":"type-page","3":"status-publish","5":"entry","6":"has-post-thumbnail","7":"one-half"},"yoast_head":"<!-- This site is optimized with the Yoast SEO plugin v26.8 - https:\/\/yoast.com\/product\/yoast-seo-wordpress\/ -->\n<title>Products - SAT ESANA FR<\/title>\n<meta name=\"robots\" content=\"index, follow, max-snippet:-1, max-image-preview:large, max-video-preview:-1\" \/>\n<link rel=\"canonical\" href=\"https:\/\/satesana.es\/fr\/products\/\" \/>\n<meta property=\"og:locale\" content=\"fr_FR\" \/>\n<meta property=\"og:type\" content=\"article\" \/>\n<meta property=\"og:title\" content=\"Products - SAT ESANA FR\" \/>\n<meta property=\"og:description\" content=\"Products Notre s\u00e9lection de produits est le r\u00e9sultat des efforts durables d&rsquo;une \u00e9quipe de personnes ayant une grande responsabilit\u00e9 sociale. [&hellip;]\" \/>\n<meta property=\"og:url\" content=\"https:\/\/satesana.es\/fr\/products\/\" \/>\n<meta property=\"og:site_name\" content=\"SAT ESANA FR\" \/>\n<meta property=\"article:modified_time\" content=\"2023-05-11T09:15:31+00:00\" \/>\n<meta property=\"og:image\" content=\"https:\/\/satesana.es\/fr\/wp-content\/uploads\/sites\/3\/2022\/12\/ESANA-DRONE-0028.jpg\" \/>\n<meta name=\"twitter:card\" content=\"summary_large_image\" \/>\n<meta name=\"twitter:label1\" content=\"Dur\u00e9e de lecture estim\u00e9e\" \/>\n\t<meta name=\"twitter:data1\" content=\"3 minutes\" \/>\n<script type=\"application\/ld+json\" class=\"yoast-schema-graph\">{\"@context\":\"https:\/\/schema.org\",\"@graph\":[{\"@type\":\"WebPage\",\"@id\":\"https:\/\/satesana.es\/fr\/products\/\",\"url\":\"https:\/\/satesana.es\/fr\/products\/\",\"name\":\"Products - SAT ESANA FR\",\"isPartOf\":{\"@id\":\"https:\/\/satesana.es\/fr\/#website\"},\"primaryImageOfPage\":{\"@id\":\"https:\/\/satesana.es\/fr\/products\/#primaryimage\"},\"image\":{\"@id\":\"https:\/\/satesana.es\/fr\/products\/#primaryimage\"},\"thumbnailUrl\":\"https:\/\/satesana.es\/fr\/wp-content\/uploads\/sites\/3\/2022\/12\/ESANA-DRONE-0028.jpg\",\"datePublished\":\"2022-11-09T09:23:27+00:00\",\"dateModified\":\"2023-05-11T09:15:31+00:00\",\"breadcrumb\":{\"@id\":\"https:\/\/satesana.es\/fr\/products\/#breadcrumb\"},\"inLanguage\":\"fr-FR\",\"potentialAction\":[{\"@type\":\"ReadAction\",\"target\":[\"https:\/\/satesana.es\/fr\/products\/\"]}]},{\"@type\":\"ImageObject\",\"inLanguage\":\"fr-FR\",\"@id\":\"https:\/\/satesana.es\/fr\/products\/#primaryimage\",\"url\":\"https:\/\/satesana.es\/fr\/wp-content\/uploads\/sites\/3\/2022\/12\/ESANA-DRONE-0028.jpg\",\"contentUrl\":\"https:\/\/satesana.es\/fr\/wp-content\/uploads\/sites\/3\/2022\/12\/ESANA-DRONE-0028.jpg\",\"width\":1920,\"height\":1079,\"caption\":\"Forraje - SAT Esana\"},{\"@type\":\"BreadcrumbList\",\"@id\":\"https:\/\/satesana.es\/fr\/products\/#breadcrumb\",\"itemListElement\":[{\"@type\":\"ListItem\",\"position\":1,\"name\":\"Portada\",\"item\":\"https:\/\/satesana.es\/fr\/\"},{\"@type\":\"ListItem\",\"position\":2,\"name\":\"Products\"}]},{\"@type\":\"WebSite\",\"@id\":\"https:\/\/satesana.es\/fr\/#website\",\"url\":\"https:\/\/satesana.es\/fr\/\",\"name\":\"SAT ESANA FR\",\"description\":\"SAT ESANA\",\"publisher\":{\"@id\":\"https:\/\/satesana.es\/fr\/#organization\"},\"alternateName\":\"SAT ESANA\",\"potentialAction\":[{\"@type\":\"SearchAction\",\"target\":{\"@type\":\"EntryPoint\",\"urlTemplate\":\"https:\/\/satesana.es\/fr\/?s={search_term_string}\"},\"query-input\":{\"@type\":\"PropertyValueSpecification\",\"valueRequired\":true,\"valueName\":\"search_term_string\"}}],\"inLanguage\":\"fr-FR\"},{\"@type\":\"Organization\",\"@id\":\"https:\/\/satesana.es\/fr\/#organization\",\"name\":\"SAT Esana\",\"alternateName\":\"SAT Esana\",\"url\":\"https:\/\/satesana.es\/fr\/\",\"logo\":{\"@type\":\"ImageObject\",\"inLanguage\":\"fr-FR\",\"@id\":\"https:\/\/satesana.es\/fr\/#\/schema\/logo\/image\/\",\"url\":\"https:\/\/satesana.es\/fr\/wp-content\/uploads\/sites\/3\/2023\/01\/logo.png\",\"contentUrl\":\"https:\/\/satesana.es\/fr\/wp-content\/uploads\/sites\/3\/2023\/01\/logo.png\",\"width\":211,\"height\":67,\"caption\":\"SAT Esana\"},\"image\":{\"@id\":\"https:\/\/satesana.es\/fr\/#\/schema\/logo\/image\/\"}}]}<\/script>\n<!-- \/ Yoast SEO plugin. -->","yoast_head_json":{"title":"Products - SAT ESANA FR","robots":{"index":"index","follow":"follow","max-snippet":"max-snippet:-1","max-image-preview":"max-image-preview:large","max-video-preview":"max-video-preview:-1"},"canonical":"https:\/\/satesana.es\/fr\/products\/","og_locale":"fr_FR","og_type":"article","og_title":"Products - SAT ESANA FR","og_description":"Products Notre s\u00e9lection de produits est le r\u00e9sultat des efforts durables d&rsquo;une \u00e9quipe de personnes ayant une grande responsabilit\u00e9 sociale. [&hellip;]","og_url":"https:\/\/satesana.es\/fr\/products\/","og_site_name":"SAT ESANA FR","article_modified_time":"2023-05-11T09:15:31+00:00","og_image":[{"url":"https:\/\/satesana.es\/fr\/wp-content\/uploads\/sites\/3\/2022\/12\/ESANA-DRONE-0028.jpg","type":"","width":"","height":""}],"twitter_card":"summary_large_image","twitter_misc":{"Dur\u00e9e de lecture estim\u00e9e":"3 minutes"},"schema":{"@context":"https:\/\/schema.org","@graph":[{"@type":"WebPage","@id":"https:\/\/satesana.es\/fr\/products\/","url":"https:\/\/satesana.es\/fr\/products\/","name":"Products - SAT ESANA FR","isPartOf":{"@id":"https:\/\/satesana.es\/fr\/#website"},"primaryImageOfPage":{"@id":"https:\/\/satesana.es\/fr\/products\/#primaryimage"},"image":{"@id":"https:\/\/satesana.es\/fr\/products\/#primaryimage"},"thumbnailUrl":"https:\/\/satesana.es\/fr\/wp-content\/uploads\/sites\/3\/2022\/12\/ESANA-DRONE-0028.jpg","datePublished":"2022-11-09T09:23:27+00:00","dateModified":"2023-05-11T09:15:31+00:00","breadcrumb":{"@id":"https:\/\/satesana.es\/fr\/products\/#breadcrumb"},"inLanguage":"fr-FR","potentialAction":[{"@type":"ReadAction","target":["https:\/\/satesana.es\/fr\/products\/"]}]},{"@type":"ImageObject","inLanguage":"fr-FR","@id":"https:\/\/satesana.es\/fr\/products\/#primaryimage","url":"https:\/\/satesana.es\/fr\/wp-content\/uploads\/sites\/3\/2022\/12\/ESANA-DRONE-0028.jpg","contentUrl":"https:\/\/satesana.es\/fr\/wp-content\/uploads\/sites\/3\/2022\/12\/ESANA-DRONE-0028.jpg","width":1920,"height":1079,"caption":"Forraje - SAT Esana"},{"@type":"BreadcrumbList","@id":"https:\/\/satesana.es\/fr\/products\/#breadcrumb","itemListElement":[{"@type":"ListItem","position":1,"name":"Portada","item":"https:\/\/satesana.es\/fr\/"},{"@type":"ListItem","position":2,"name":"Products"}]},{"@type":"WebSite","@id":"https:\/\/satesana.es\/fr\/#website","url":"https:\/\/satesana.es\/fr\/","name":"SAT ESANA FR","description":"SAT ESANA","publisher":{"@id":"https:\/\/satesana.es\/fr\/#organization"},"alternateName":"SAT ESANA","potentialAction":[{"@type":"SearchAction","target":{"@type":"EntryPoint","urlTemplate":"https:\/\/satesana.es\/fr\/?s={search_term_string}"},"query-input":{"@type":"PropertyValueSpecification","valueRequired":true,"valueName":"search_term_string"}}],"inLanguage":"fr-FR"},{"@type":"Organization","@id":"https:\/\/satesana.es\/fr\/#organization","name":"SAT Esana","alternateName":"SAT Esana","url":"https:\/\/satesana.es\/fr\/","logo":{"@type":"ImageObject","inLanguage":"fr-FR","@id":"https:\/\/satesana.es\/fr\/#\/schema\/logo\/image\/","url":"https:\/\/satesana.es\/fr\/wp-content\/uploads\/sites\/3\/2023\/01\/logo.png","contentUrl":"https:\/\/satesana.es\/fr\/wp-content\/uploads\/sites\/3\/2023\/01\/logo.png","width":211,"height":67,"caption":"SAT Esana"},"image":{"@id":"https:\/\/satesana.es\/fr\/#\/schema\/logo\/image\/"}}]}},"_links":{"self":[{"href":"https:\/\/satesana.es\/fr\/wp-json\/wp\/v2\/pages\/1156","targetHints":{"allow":["GET"]}}],"collection":[{"href":"https:\/\/satesana.es\/fr\/wp-json\/wp\/v2\/pages"}],"about":[{"href":"https:\/\/satesana.es\/fr\/wp-json\/wp\/v2\/types\/page"}],"author":[{"embeddable":true,"href":"https:\/\/satesana.es\/fr\/wp-json\/wp\/v2\/users\/9"}],"replies":[{"embeddable":true,"href":"https:\/\/satesana.es\/fr\/wp-json\/wp\/v2\/comments?post=1156"}],"version-history":[{"count":109,"href":"https:\/\/satesana.es\/fr\/wp-json\/wp\/v2\/pages\/1156\/revisions"}],"predecessor-version":[{"id":6822,"href":"https:\/\/satesana.es\/fr\/wp-json\/wp\/v2\/pages\/1156\/revisions\/6822"}],"wp:attachment":[{"href":"https:\/\/satesana.es\/fr\/wp-json\/wp\/v2\/media?parent=1156"}],"curies":[{"name":"wp","href":"https:\/\/api.w.org\/{rel}","templated":true}]}}